{"id":3972,"date":"2024-02-14T14:01:37","date_gmt":"2024-02-14T14:01:37","guid":{"rendered":"https:\/\/rokuageopark.fi\/rokua-geopark\/"},"modified":"2026-04-16T12:06:38","modified_gmt":"2026-04-16T12:06:38","slug":"rokua-geopark","status":"publish","type":"page","link":"https:\/\/rokuageopark.fi\/nl\/","title":{"rendered":"Rokua Geopark"},"content":{"rendered":"","protected":false},"excerpt":{"rendered":"<p> [&#8230;]<\/p>\n<p><a class=\"btn btn-secondary understrap-read-more-link\" href=\"https:\/\/rokuageopark.fi\/nl\/\">Lees verder\u2026<span class=\"screen-reader-text\"> from Rokua Geopark<\/span><\/a><\/p>\n","protected":false},"author":5,"featured_media":3973,"parent":0,"menu_order":0,"comment_status":"closed","ping_status":"closed","template":"","meta":{"_acf_changed":false,"inline_featured_image":false,"footnotes":""},"class_list":["post-3972","page","type-page","status-publish","has-post-thumbnail","hentry"],"acf":[],"yoast_head":"<!-- This site is optimized with the Yoast SEO plugin v27.4 - https:\/\/yoast.com\/product\/yoast-seo-wordpress\/ -->\n<title>Ontdek Rokua Geopark \u2013 Natuur, Cultuur en Avontuur in Finland<\/title>\n<meta name=\"description\" content=\"Welkom bij Rokua Geopark, een uniek UNESCO Geopark in Finland waar natuur en cultuur samenkomen. Verken indrukwekkende landschappen die gevormd zijn door de ijstijd, wandel langs uitgestrekte bossen, meren en heidevelden, en ervaar de rust van de ongerepte natuur.\" \/>\n<meta name=\"robots\" content=\"index, follow, max-snippet:-1, max-image-preview:large, max-video-preview:-1\" \/>\n<link rel=\"canonical\" href=\"https:\/\/rokuageopark.fi\/nl\/\" \/>\n<meta property=\"og:locale\" content=\"nl_NL\" \/>\n<meta property=\"og:type\" content=\"article\" \/>\n<meta property=\"og:title\" content=\"Ontdek Rokua Geopark \u2013 Natuur, Cultuur en Avontuur in Finland\" \/>\n<meta property=\"og:description\" content=\"Welkom bij Rokua Geopark, een uniek UNESCO Geopark in Finland waar natuur en cultuur samenkomen. Verken indrukwekkende landschappen die gevormd zijn door de ijstijd, wandel langs uitgestrekte bossen, meren en heidevelden, en ervaar de rust van de ongerepte natuur.\" \/>\n<meta property=\"og:url\" content=\"https:\/\/rokuageopark.fi\/nl\/\" \/>\n<meta property=\"og:site_name\" content=\"Rokua Geopark\" \/>\n<meta property=\"article:modified_time\" content=\"2026-04-16T12:06:38+00:00\" \/>\n<meta property=\"og:image\" content=\"https:\/\/rokuageopark.fi\/wp-content\/uploads\/2024\/02\/RokuaGeopark_patikointia_Tervareitistolla-copy-1024x683.jpg\" \/>\n<meta name=\"twitter:card\" content=\"summary_large_image\" \/>\n<meta name=\"twitter:label1\" content=\"Geschatte leestijd\" \/>\n\t<meta name=\"twitter:data1\" content=\"6 minuten\" \/>\n<script type=\"application\/ld+json\" class=\"yoast-schema-graph\">{\"@context\":\"https:\\\/\\\/schema.org\",\"@graph\":[{\"@type\":\"WebPage\",\"@id\":\"https:\\\/\\\/rokuageopark.fi\\\/nl\\\/\",\"url\":\"https:\\\/\\\/rokuageopark.fi\\\/nl\\\/\",\"name\":\"Ontdek Rokua Geopark \u2013 Natuur, Cultuur en Avontuur in Finland\",\"isPartOf\":{\"@id\":\"https:\\\/\\\/rokuageopark.fi\\\/nl\\\/#website\"},\"primaryImageOfPage\":{\"@id\":\"https:\\\/\\\/rokuageopark.fi\\\/nl\\\/#primaryimage\"},\"image\":{\"@id\":\"https:\\\/\\\/rokuageopark.fi\\\/nl\\\/#primaryimage\"},\"thumbnailUrl\":\"https:\\\/\\\/rokuageopark.fi\\\/wp-content\\\/uploads\\\/2024\\\/02\\\/RokuaGeopark_patikointia_Tervareitistolla-copy.jpg\",\"datePublished\":\"2024-02-14T14:01:37+00:00\",\"dateModified\":\"2026-04-16T12:06:38+00:00\",\"description\":\"Welkom bij Rokua Geopark, een uniek UNESCO Geopark in Finland waar natuur en cultuur samenkomen. Verken indrukwekkende landschappen die gevormd zijn door de ijstijd, wandel langs uitgestrekte bossen, meren en heidevelden, en ervaar de rust van de ongerepte natuur.\",\"inLanguage\":\"nl-NL\",\"potentialAction\":[{\"@type\":\"ReadAction\",\"target\":[\"https:\\\/\\\/rokuageopark.fi\\\/nl\\\/\"]}]},{\"@type\":\"ImageObject\",\"inLanguage\":\"nl-NL\",\"@id\":\"https:\\\/\\\/rokuageopark.fi\\\/nl\\\/#primaryimage\",\"url\":\"https:\\\/\\\/rokuageopark.fi\\\/wp-content\\\/uploads\\\/2024\\\/02\\\/RokuaGeopark_patikointia_Tervareitistolla-copy.jpg\",\"contentUrl\":\"https:\\\/\\\/rokuageopark.fi\\\/wp-content\\\/uploads\\\/2024\\\/02\\\/RokuaGeopark_patikointia_Tervareitistolla-copy.jpg\",\"width\":2500,\"height\":1667,\"caption\":\"Patikointia Tervareitisto\u0308lla\u0308\"},{\"@type\":\"WebSite\",\"@id\":\"https:\\\/\\\/rokuageopark.fi\\\/nl\\\/#website\",\"url\":\"https:\\\/\\\/rokuageopark.fi\\\/nl\\\/\",\"name\":\"Rokua Geopark\",\"description\":\"Tervetuloa l\u00f6yt\u00f6retkelle\\u2028j\u00e4\u00e4kauden j\u00e4ljille\",\"publisher\":{\"@id\":\"https:\\\/\\\/rokuageopark.fi\\\/nl\\\/#organization\"},\"potentialAction\":[{\"@type\":\"SearchAction\",\"target\":{\"@type\":\"EntryPoint\",\"urlTemplate\":\"https:\\\/\\\/rokuageopark.fi\\\/nl\\\/?s={search_term_string}\"},\"query-input\":{\"@type\":\"PropertyValueSpecification\",\"valueRequired\":true,\"valueName\":\"search_term_string\"}}],\"inLanguage\":\"nl-NL\"},{\"@type\":\"Organization\",\"@id\":\"https:\\\/\\\/rokuageopark.fi\\\/nl\\\/#organization\",\"name\":\"Rokua Geopark\",\"url\":\"https:\\\/\\\/rokuageopark.fi\\\/nl\\\/\",\"logo\":{\"@type\":\"ImageObject\",\"inLanguage\":\"nl-NL\",\"@id\":\"https:\\\/\\\/rokuageopark.fi\\\/nl\\\/#\\\/schema\\\/logo\\\/image\\\/\",\"url\":\"https:\\\/\\\/rokuageopark.fi\\\/wp-content\\\/uploads\\\/2024\\\/04\\\/rokua_geopark-logo.png\",\"contentUrl\":\"https:\\\/\\\/rokuageopark.fi\\\/wp-content\\\/uploads\\\/2024\\\/04\\\/rokua_geopark-logo.png\",\"width\":697,\"height\":697,\"caption\":\"Rokua Geopark\"},\"image\":{\"@id\":\"https:\\\/\\\/rokuageopark.fi\\\/nl\\\/#\\\/schema\\\/logo\\\/image\\\/\"}}]}<\/script>\n<!-- \/ Yoast SEO plugin. -->","yoast_head_json":{"title":"Ontdek Rokua Geopark \u2013 Natuur, Cultuur en Avontuur in Finland","description":"Welkom bij Rokua Geopark, een uniek UNESCO Geopark in Finland waar natuur en cultuur samenkomen. Verken indrukwekkende landschappen die gevormd zijn door de ijstijd, wandel langs uitgestrekte bossen, meren en heidevelden, en ervaar de rust van de ongerepte natuur.","robots":{"index":"index","follow":"follow","max-snippet":"max-snippet:-1","max-image-preview":"max-image-preview:large","max-video-preview":"max-video-preview:-1"},"canonical":"https:\/\/rokuageopark.fi\/nl\/","og_locale":"nl_NL","og_type":"article","og_title":"Ontdek Rokua Geopark \u2013 Natuur, Cultuur en Avontuur in Finland","og_description":"Welkom bij Rokua Geopark, een uniek UNESCO Geopark in Finland waar natuur en cultuur samenkomen. Verken indrukwekkende landschappen die gevormd zijn door de ijstijd, wandel langs uitgestrekte bossen, meren en heidevelden, en ervaar de rust van de ongerepte natuur.","og_url":"https:\/\/rokuageopark.fi\/nl\/","og_site_name":"Rokua Geopark","article_modified_time":"2026-04-16T12:06:38+00:00","og_image":[{"url":"https:\/\/rokuageopark.fi\/wp-content\/uploads\/2024\/02\/RokuaGeopark_patikointia_Tervareitistolla-copy-1024x683.jpg","type":"","width":"","height":""}],"twitter_card":"summary_large_image","twitter_misc":{"Geschatte leestijd":"6 minuten"},"schema":{"@context":"https:\/\/schema.org","@graph":[{"@type":"WebPage","@id":"https:\/\/rokuageopark.fi\/nl\/","url":"https:\/\/rokuageopark.fi\/nl\/","name":"Ontdek Rokua Geopark \u2013 Natuur, Cultuur en Avontuur in Finland","isPartOf":{"@id":"https:\/\/rokuageopark.fi\/nl\/#website"},"primaryImageOfPage":{"@id":"https:\/\/rokuageopark.fi\/nl\/#primaryimage"},"image":{"@id":"https:\/\/rokuageopark.fi\/nl\/#primaryimage"},"thumbnailUrl":"https:\/\/rokuageopark.fi\/wp-content\/uploads\/2024\/02\/RokuaGeopark_patikointia_Tervareitistolla-copy.jpg","datePublished":"2024-02-14T14:01:37+00:00","dateModified":"2026-04-16T12:06:38+00:00","description":"Welkom bij Rokua Geopark, een uniek UNESCO Geopark in Finland waar natuur en cultuur samenkomen. Verken indrukwekkende landschappen die gevormd zijn door de ijstijd, wandel langs uitgestrekte bossen, meren en heidevelden, en ervaar de rust van de ongerepte natuur.","inLanguage":"nl-NL","potentialAction":[{"@type":"ReadAction","target":["https:\/\/rokuageopark.fi\/nl\/"]}]},{"@type":"ImageObject","inLanguage":"nl-NL","@id":"https:\/\/rokuageopark.fi\/nl\/#primaryimage","url":"https:\/\/rokuageopark.fi\/wp-content\/uploads\/2024\/02\/RokuaGeopark_patikointia_Tervareitistolla-copy.jpg","contentUrl":"https:\/\/rokuageopark.fi\/wp-content\/uploads\/2024\/02\/RokuaGeopark_patikointia_Tervareitistolla-copy.jpg","width":2500,"height":1667,"caption":"Patikointia Tervareitisto\u0308lla\u0308"},{"@type":"WebSite","@id":"https:\/\/rokuageopark.fi\/nl\/#website","url":"https:\/\/rokuageopark.fi\/nl\/","name":"Rokua Geopark","description":"Tervetuloa l\u00f6yt\u00f6retkelle\u2028j\u00e4\u00e4kauden j\u00e4ljille","publisher":{"@id":"https:\/\/rokuageopark.fi\/nl\/#organization"},"potentialAction":[{"@type":"SearchAction","target":{"@type":"EntryPoint","urlTemplate":"https:\/\/rokuageopark.fi\/nl\/?s={search_term_string}"},"query-input":{"@type":"PropertyValueSpecification","valueRequired":true,"valueName":"search_term_string"}}],"inLanguage":"nl-NL"},{"@type":"Organization","@id":"https:\/\/rokuageopark.fi\/nl\/#organization","name":"Rokua Geopark","url":"https:\/\/rokuageopark.fi\/nl\/","logo":{"@type":"ImageObject","inLanguage":"nl-NL","@id":"https:\/\/rokuageopark.fi\/nl\/#\/schema\/logo\/image\/","url":"https:\/\/rokuageopark.fi\/wp-content\/uploads\/2024\/04\/rokua_geopark-logo.png","contentUrl":"https:\/\/rokuageopark.fi\/wp-content\/uploads\/2024\/04\/rokua_geopark-logo.png","width":697,"height":697,"caption":"Rokua Geopark"},"image":{"@id":"https:\/\/rokuageopark.fi\/nl\/#\/schema\/logo\/image\/"}}]}},"_links":{"self":[{"href":"https:\/\/rokuageopark.fi\/nl\/wp-json\/wp\/v2\/pages\/3972","targetHints":{"allow":["GET"]}}],"collection":[{"href":"https:\/\/rokuageopark.fi\/nl\/wp-json\/wp\/v2\/pages"}],"about":[{"href":"https:\/\/rokuageopark.fi\/nl\/wp-json\/wp\/v2\/types\/page"}],"author":[{"embeddable":true,"href":"https:\/\/rokuageopark.fi\/nl\/wp-json\/wp\/v2\/users\/5"}],"replies":[{"embeddable":true,"href":"https:\/\/rokuageopark.fi\/nl\/wp-json\/wp\/v2\/comments?post=3972"}],"version-history":[{"count":19,"href":"https:\/\/rokuageopark.fi\/nl\/wp-json\/wp\/v2\/pages\/3972\/revisions"}],"predecessor-version":[{"id":5960,"href":"https:\/\/rokuageopark.fi\/nl\/wp-json\/wp\/v2\/pages\/3972\/revisions\/5960"}],"wp:featuredmedia":[{"embeddable":true,"href":"https:\/\/rokuageopark.fi\/nl\/wp-json\/wp\/v2\/media\/3973"}],"wp:attachment":[{"href":"https:\/\/rokuageopark.fi\/nl\/wp-json\/wp\/v2\/media?parent=3972"}],"curies":[{"name":"wp","href":"https:\/\/api.w.org\/{rel}","templated":true}]}}