{"id":3942,"date":"2024-03-13T12:28:51","date_gmt":"2024-03-13T12:28:51","guid":{"rendered":"https:\/\/rokuageopark.fi\/reitit\/"},"modified":"2025-06-15T07:19:41","modified_gmt":"2025-06-15T07:19:41","slug":"reitit","status":"publish","type":"page","link":"https:\/\/rokuageopark.fi\/nl\/zien-en-beleven\/reitit\/","title":{"rendered":"Natuurpaden"},"content":{"rendered":"","protected":false},"excerpt":{"rendered":"<p> [&#8230;]<\/p>\n<p><a class=\"btn btn-secondary understrap-read-more-link\" href=\"https:\/\/rokuageopark.fi\/nl\/zien-en-beleven\/reitit\/\">Lees verder\u2026<span class=\"screen-reader-text\"> from Natuurpaden<\/span><\/a><\/p>\n","protected":false},"author":5,"featured_media":3855,"parent":3970,"menu_order":0,"comment_status":"closed","ping_status":"closed","template":"","meta":{"_acf_changed":false,"inline_featured_image":false,"footnotes":""},"class_list":["post-3942","page","type-page","status-publish","has-post-thumbnail","hentry"],"acf":[],"yoast_head":"<!-- This site is optimized with the Yoast SEO plugin v27.3 - https:\/\/yoast.com\/product\/yoast-seo-wordpress\/ -->\n<title>Rokua Geoparkin reitit - Retkeile ja maastopy\u00f6r\u00e4ile<\/title>\n<meta name=\"description\" content=\"Rokua Geoparkin reitit tarjoavat upeita maisemia ja retkikohteita. Tutki retkeily- ja maastopy\u00f6r\u00e4ilyreittej\u00e4!\" \/>\n<meta name=\"robots\" content=\"index, follow, max-snippet:-1, max-image-preview:large, max-video-preview:-1\" \/>\n<link rel=\"canonical\" href=\"https:\/\/rokuageopark.fi\/nl\/zien-en-beleven\/reitit\/\" \/>\n<meta property=\"og:locale\" content=\"nl_NL\" \/>\n<meta property=\"og:type\" content=\"article\" \/>\n<meta property=\"og:title\" content=\"Rokua Geoparkin reitit - Retkeile ja maastopy\u00f6r\u00e4ile\" \/>\n<meta property=\"og:description\" content=\"Rokua Geoparkin reitit tarjoavat upeita maisemia ja retkikohteita. Tutki retkeily- ja maastopy\u00f6r\u00e4ilyreittej\u00e4!\" \/>\n<meta property=\"og:url\" content=\"https:\/\/rokuageopark.fi\/nl\/zien-en-beleven\/reitit\/\" \/>\n<meta property=\"og:site_name\" content=\"Rokua Geopark\" \/>\n<meta property=\"article:modified_time\" content=\"2025-06-15T07:19:41+00:00\" \/>\n<meta property=\"og:image\" content=\"https:\/\/rokuageopark.fi\/wp-content\/uploads\/2024\/02\/288-Rokua_Geopark-Rokua-HIRES-2023-HLPfi-1-scaled-e1710846400936.jpg\" \/>\n\t<meta property=\"og:image:width\" content=\"2560\" \/>\n\t<meta property=\"og:image:height\" content=\"1506\" \/>\n\t<meta property=\"og:image:type\" content=\"image\/jpeg\" \/>\n<meta name=\"twitter:card\" content=\"summary_large_image\" \/>\n<meta name=\"twitter:label1\" content=\"Geschatte leestijd\" \/>\n\t<meta name=\"twitter:data1\" content=\"2 minuten\" \/>\n<script type=\"application\/ld+json\" class=\"yoast-schema-graph\">{\"@context\":\"https:\\\/\\\/schema.org\",\"@graph\":[{\"@type\":\"WebPage\",\"@id\":\"https:\\\/\\\/rokuageopark.fi\\\/nl\\\/zien-en-beleven\\\/reitit\\\/\",\"url\":\"https:\\\/\\\/rokuageopark.fi\\\/nl\\\/zien-en-beleven\\\/reitit\\\/\",\"name\":\"Rokua Geoparkin reitit - Retkeile ja maastopy\u00f6r\u00e4ile\",\"isPartOf\":{\"@id\":\"https:\\\/\\\/rokuageopark.fi\\\/nl\\\/#website\"},\"primaryImageOfPage\":{\"@id\":\"https:\\\/\\\/rokuageopark.fi\\\/nl\\\/zien-en-beleven\\\/reitit\\\/#primaryimage\"},\"image\":{\"@id\":\"https:\\\/\\\/rokuageopark.fi\\\/nl\\\/zien-en-beleven\\\/reitit\\\/#primaryimage\"},\"thumbnailUrl\":\"https:\\\/\\\/rokuageopark.fi\\\/wp-content\\\/uploads\\\/2024\\\/02\\\/288-Rokua_Geopark-Rokua-HIRES-2023-HLPfi-1-scaled-e1710846400936.jpg\",\"datePublished\":\"2024-03-13T12:28:51+00:00\",\"dateModified\":\"2025-06-15T07:19:41+00:00\",\"description\":\"Rokua Geoparkin reitit tarjoavat upeita maisemia ja retkikohteita. Tutki retkeily- ja maastopy\u00f6r\u00e4ilyreittej\u00e4!\",\"inLanguage\":\"nl-NL\",\"potentialAction\":[{\"@type\":\"ReadAction\",\"target\":[\"https:\\\/\\\/rokuageopark.fi\\\/nl\\\/zien-en-beleven\\\/reitit\\\/\"]}]},{\"@type\":\"ImageObject\",\"inLanguage\":\"nl-NL\",\"@id\":\"https:\\\/\\\/rokuageopark.fi\\\/nl\\\/zien-en-beleven\\\/reitit\\\/#primaryimage\",\"url\":\"https:\\\/\\\/rokuageopark.fi\\\/wp-content\\\/uploads\\\/2024\\\/02\\\/288-Rokua_Geopark-Rokua-HIRES-2023-HLPfi-1-scaled-e1710846400936.jpg\",\"contentUrl\":\"https:\\\/\\\/rokuageopark.fi\\\/wp-content\\\/uploads\\\/2024\\\/02\\\/288-Rokua_Geopark-Rokua-HIRES-2023-HLPfi-1-scaled-e1710846400936.jpg\",\"width\":2560,\"height\":1506,\"caption\":\"Kaksi nuorta naista hiiht\u00e4\u00e4 talvisessa maisemassa\"},{\"@type\":\"WebSite\",\"@id\":\"https:\\\/\\\/rokuageopark.fi\\\/nl\\\/#website\",\"url\":\"https:\\\/\\\/rokuageopark.fi\\\/nl\\\/\",\"name\":\"Rokua Geopark\",\"description\":\"Tervetuloa l\u00f6yt\u00f6retkelle\\u2028j\u00e4\u00e4kauden j\u00e4ljille\",\"publisher\":{\"@id\":\"https:\\\/\\\/rokuageopark.fi\\\/nl\\\/#organization\"},\"potentialAction\":[{\"@type\":\"SearchAction\",\"target\":{\"@type\":\"EntryPoint\",\"urlTemplate\":\"https:\\\/\\\/rokuageopark.fi\\\/nl\\\/?s={search_term_string}\"},\"query-input\":{\"@type\":\"PropertyValueSpecification\",\"valueRequired\":true,\"valueName\":\"search_term_string\"}}],\"inLanguage\":\"nl-NL\"},{\"@type\":\"Organization\",\"@id\":\"https:\\\/\\\/rokuageopark.fi\\\/nl\\\/#organization\",\"name\":\"Rokua Geopark\",\"url\":\"https:\\\/\\\/rokuageopark.fi\\\/nl\\\/\",\"logo\":{\"@type\":\"ImageObject\",\"inLanguage\":\"nl-NL\",\"@id\":\"https:\\\/\\\/rokuageopark.fi\\\/nl\\\/#\\\/schema\\\/logo\\\/image\\\/\",\"url\":\"https:\\\/\\\/rokuageopark.fi\\\/wp-content\\\/uploads\\\/2024\\\/04\\\/rokua_geopark-logo.png\",\"contentUrl\":\"https:\\\/\\\/rokuageopark.fi\\\/wp-content\\\/uploads\\\/2024\\\/04\\\/rokua_geopark-logo.png\",\"width\":697,\"height\":697,\"caption\":\"Rokua Geopark\"},\"image\":{\"@id\":\"https:\\\/\\\/rokuageopark.fi\\\/nl\\\/#\\\/schema\\\/logo\\\/image\\\/\"}}]}<\/script>\n<!-- \/ Yoast SEO plugin. -->","yoast_head_json":{"title":"Rokua Geoparkin reitit - Retkeile ja maastopy\u00f6r\u00e4ile","description":"Rokua Geoparkin reitit tarjoavat upeita maisemia ja retkikohteita. Tutki retkeily- ja maastopy\u00f6r\u00e4ilyreittej\u00e4!","robots":{"index":"index","follow":"follow","max-snippet":"max-snippet:-1","max-image-preview":"max-image-preview:large","max-video-preview":"max-video-preview:-1"},"canonical":"https:\/\/rokuageopark.fi\/nl\/zien-en-beleven\/reitit\/","og_locale":"nl_NL","og_type":"article","og_title":"Rokua Geoparkin reitit - Retkeile ja maastopy\u00f6r\u00e4ile","og_description":"Rokua Geoparkin reitit tarjoavat upeita maisemia ja retkikohteita. Tutki retkeily- ja maastopy\u00f6r\u00e4ilyreittej\u00e4!","og_url":"https:\/\/rokuageopark.fi\/nl\/zien-en-beleven\/reitit\/","og_site_name":"Rokua Geopark","article_modified_time":"2025-06-15T07:19:41+00:00","og_image":[{"width":2560,"height":1506,"url":"https:\/\/rokuageopark.fi\/wp-content\/uploads\/2024\/02\/288-Rokua_Geopark-Rokua-HIRES-2023-HLPfi-1-scaled-e1710846400936.jpg","type":"image\/jpeg"}],"twitter_card":"summary_large_image","twitter_misc":{"Geschatte leestijd":"2 minuten"},"schema":{"@context":"https:\/\/schema.org","@graph":[{"@type":"WebPage","@id":"https:\/\/rokuageopark.fi\/nl\/zien-en-beleven\/reitit\/","url":"https:\/\/rokuageopark.fi\/nl\/zien-en-beleven\/reitit\/","name":"Rokua Geoparkin reitit - Retkeile ja maastopy\u00f6r\u00e4ile","isPartOf":{"@id":"https:\/\/rokuageopark.fi\/nl\/#website"},"primaryImageOfPage":{"@id":"https:\/\/rokuageopark.fi\/nl\/zien-en-beleven\/reitit\/#primaryimage"},"image":{"@id":"https:\/\/rokuageopark.fi\/nl\/zien-en-beleven\/reitit\/#primaryimage"},"thumbnailUrl":"https:\/\/rokuageopark.fi\/wp-content\/uploads\/2024\/02\/288-Rokua_Geopark-Rokua-HIRES-2023-HLPfi-1-scaled-e1710846400936.jpg","datePublished":"2024-03-13T12:28:51+00:00","dateModified":"2025-06-15T07:19:41+00:00","description":"Rokua Geoparkin reitit tarjoavat upeita maisemia ja retkikohteita. Tutki retkeily- ja maastopy\u00f6r\u00e4ilyreittej\u00e4!","inLanguage":"nl-NL","potentialAction":[{"@type":"ReadAction","target":["https:\/\/rokuageopark.fi\/nl\/zien-en-beleven\/reitit\/"]}]},{"@type":"ImageObject","inLanguage":"nl-NL","@id":"https:\/\/rokuageopark.fi\/nl\/zien-en-beleven\/reitit\/#primaryimage","url":"https:\/\/rokuageopark.fi\/wp-content\/uploads\/2024\/02\/288-Rokua_Geopark-Rokua-HIRES-2023-HLPfi-1-scaled-e1710846400936.jpg","contentUrl":"https:\/\/rokuageopark.fi\/wp-content\/uploads\/2024\/02\/288-Rokua_Geopark-Rokua-HIRES-2023-HLPfi-1-scaled-e1710846400936.jpg","width":2560,"height":1506,"caption":"Kaksi nuorta naista hiiht\u00e4\u00e4 talvisessa maisemassa"},{"@type":"WebSite","@id":"https:\/\/rokuageopark.fi\/nl\/#website","url":"https:\/\/rokuageopark.fi\/nl\/","name":"Rokua Geopark","description":"Tervetuloa l\u00f6yt\u00f6retkelle\u2028j\u00e4\u00e4kauden j\u00e4ljille","publisher":{"@id":"https:\/\/rokuageopark.fi\/nl\/#organization"},"potentialAction":[{"@type":"SearchAction","target":{"@type":"EntryPoint","urlTemplate":"https:\/\/rokuageopark.fi\/nl\/?s={search_term_string}"},"query-input":{"@type":"PropertyValueSpecification","valueRequired":true,"valueName":"search_term_string"}}],"inLanguage":"nl-NL"},{"@type":"Organization","@id":"https:\/\/rokuageopark.fi\/nl\/#organization","name":"Rokua Geopark","url":"https:\/\/rokuageopark.fi\/nl\/","logo":{"@type":"ImageObject","inLanguage":"nl-NL","@id":"https:\/\/rokuageopark.fi\/nl\/#\/schema\/logo\/image\/","url":"https:\/\/rokuageopark.fi\/wp-content\/uploads\/2024\/04\/rokua_geopark-logo.png","contentUrl":"https:\/\/rokuageopark.fi\/wp-content\/uploads\/2024\/04\/rokua_geopark-logo.png","width":697,"height":697,"caption":"Rokua Geopark"},"image":{"@id":"https:\/\/rokuageopark.fi\/nl\/#\/schema\/logo\/image\/"}}]}},"_links":{"self":[{"href":"https:\/\/rokuageopark.fi\/nl\/wp-json\/wp\/v2\/pages\/3942","targetHints":{"allow":["GET"]}}],"collection":[{"href":"https:\/\/rokuageopark.fi\/nl\/wp-json\/wp\/v2\/pages"}],"about":[{"href":"https:\/\/rokuageopark.fi\/nl\/wp-json\/wp\/v2\/types\/page"}],"author":[{"embeddable":true,"href":"https:\/\/rokuageopark.fi\/nl\/wp-json\/wp\/v2\/users\/5"}],"replies":[{"embeddable":true,"href":"https:\/\/rokuageopark.fi\/nl\/wp-json\/wp\/v2\/comments?post=3942"}],"version-history":[{"count":2,"href":"https:\/\/rokuageopark.fi\/nl\/wp-json\/wp\/v2\/pages\/3942\/revisions"}],"predecessor-version":[{"id":4423,"href":"https:\/\/rokuageopark.fi\/nl\/wp-json\/wp\/v2\/pages\/3942\/revisions\/4423"}],"up":[{"embeddable":true,"href":"https:\/\/rokuageopark.fi\/nl\/wp-json\/wp\/v2\/pages\/3970"}],"wp:featuredmedia":[{"embeddable":true,"href":"https:\/\/rokuageopark.fi\/nl\/wp-json\/wp\/v2\/media\/3855"}],"wp:attachment":[{"href":"https:\/\/rokuageopark.fi\/nl\/wp-json\/wp\/v2\/media?parent=3942"}],"curies":[{"name":"wp","href":"https:\/\/api.w.org\/{rel}","templated":true}]}}