{"id":3906,"date":"2024-04-09T08:06:27","date_gmt":"2024-04-09T08:06:27","guid":{"rendered":"https:\/\/rokuageopark.fi\/perheloma-rokualla\/"},"modified":"2025-06-14T20:30:21","modified_gmt":"2025-06-14T20:30:21","slug":"gezinsvakantie","status":"publish","type":"page","link":"https:\/\/rokuageopark.fi\/nl\/gezinsvakantie\/","title":{"rendered":"Gezinsvakantie in Rokua"},"content":{"rendered":"","protected":false},"excerpt":{"rendered":"<p> [&#8230;]<\/p>\n<p><a class=\"btn btn-secondary understrap-read-more-link\" href=\"https:\/\/rokuageopark.fi\/nl\/gezinsvakantie\/\">Lees verder\u2026<span class=\"screen-reader-text\"> from Gezinsvakantie in Rokua<\/span><\/a><\/p>\n","protected":false},"author":5,"featured_media":3907,"parent":0,"menu_order":0,"comment_status":"closed","ping_status":"closed","template":"","meta":{"_acf_changed":false,"inline_featured_image":false,"footnotes":""},"class_list":["post-3906","page","type-page","status-publish","has-post-thumbnail","hentry"],"acf":[],"yoast_head":"<!-- This site is optimized with the Yoast SEO plugin v27.3 - https:\/\/yoast.com\/product\/yoast-seo-wordpress\/ -->\n<title>Gezinsvakantie in Rokua - Rokua Geopark<\/title>\n<meta name=\"description\" content=\"Een familievakantie in Rokua is echt quality time! Er is genoeg te doen tijdens een gezinsvakantie in Rokua Geopark.\" \/>\n<meta name=\"robots\" content=\"index, follow, max-snippet:-1, max-image-preview:large, max-video-preview:-1\" \/>\n<link rel=\"canonical\" href=\"https:\/\/rokuageopark.fi\/nl\/gezinsvakantie\/\" \/>\n<meta property=\"og:locale\" content=\"nl_NL\" \/>\n<meta property=\"og:type\" content=\"article\" \/>\n<meta property=\"og:title\" content=\"Gezinsvakantie in Rokua - Rokua Geopark\" \/>\n<meta property=\"og:description\" content=\"Een familievakantie in Rokua is echt quality time! Er is genoeg te doen tijdens een gezinsvakantie in Rokua Geopark.\" \/>\n<meta property=\"og:url\" content=\"https:\/\/rokuageopark.fi\/nl\/gezinsvakantie\/\" \/>\n<meta property=\"og:site_name\" content=\"Rokua Geopark\" \/>\n<meta property=\"article:modified_time\" content=\"2025-06-14T20:30:21+00:00\" \/>\n<meta property=\"og:image\" content=\"https:\/\/rokuageopark.fi\/wp-content\/uploads\/2024\/03\/Lamminahon-tila-Rokua-Geopark-Oulujoki-Vaala-Harri-Tarvainen-1024x683.jpg\" \/>\n<meta name=\"twitter:card\" content=\"summary_large_image\" \/>\n<meta name=\"twitter:label1\" content=\"Geschatte leestijd\" \/>\n\t<meta name=\"twitter:data1\" content=\"1 minuut\" \/>\n<script type=\"application\/ld+json\" class=\"yoast-schema-graph\">{\"@context\":\"https:\\\/\\\/schema.org\",\"@graph\":[{\"@type\":\"WebPage\",\"@id\":\"https:\\\/\\\/rokuageopark.fi\\\/nl\\\/gezinsvakantie\\\/\",\"url\":\"https:\\\/\\\/rokuageopark.fi\\\/nl\\\/gezinsvakantie\\\/\",\"name\":\"Gezinsvakantie in Rokua - Rokua Geopark\",\"isPartOf\":{\"@id\":\"https:\\\/\\\/rokuageopark.fi\\\/nl\\\/#website\"},\"primaryImageOfPage\":{\"@id\":\"https:\\\/\\\/rokuageopark.fi\\\/nl\\\/gezinsvakantie\\\/#primaryimage\"},\"image\":{\"@id\":\"https:\\\/\\\/rokuageopark.fi\\\/nl\\\/gezinsvakantie\\\/#primaryimage\"},\"thumbnailUrl\":\"https:\\\/\\\/rokuageopark.fi\\\/wp-content\\\/uploads\\\/2024\\\/03\\\/Lamminahon-tila-Rokua-Geopark-Oulujoki-Vaala-Harri-Tarvainen-scaled.jpg\",\"datePublished\":\"2024-04-09T08:06:27+00:00\",\"dateModified\":\"2025-06-14T20:30:21+00:00\",\"description\":\"Een familievakantie in Rokua is echt quality time! Er is genoeg te doen tijdens een gezinsvakantie in Rokua Geopark.\",\"inLanguage\":\"nl-NL\",\"potentialAction\":[{\"@type\":\"ReadAction\",\"target\":[\"https:\\\/\\\/rokuageopark.fi\\\/nl\\\/gezinsvakantie\\\/\"]}]},{\"@type\":\"ImageObject\",\"inLanguage\":\"nl-NL\",\"@id\":\"https:\\\/\\\/rokuageopark.fi\\\/nl\\\/gezinsvakantie\\\/#primaryimage\",\"url\":\"https:\\\/\\\/rokuageopark.fi\\\/wp-content\\\/uploads\\\/2024\\\/03\\\/Lamminahon-tila-Rokua-Geopark-Oulujoki-Vaala-Harri-Tarvainen-scaled.jpg\",\"contentUrl\":\"https:\\\/\\\/rokuageopark.fi\\\/wp-content\\\/uploads\\\/2024\\\/03\\\/Lamminahon-tila-Rokua-Geopark-Oulujoki-Vaala-Harri-Tarvainen-scaled.jpg\",\"width\":2560,\"height\":1707,\"caption\":\"Perhe Lamminahon tila Rokualla\"},{\"@type\":\"WebSite\",\"@id\":\"https:\\\/\\\/rokuageopark.fi\\\/nl\\\/#website\",\"url\":\"https:\\\/\\\/rokuageopark.fi\\\/nl\\\/\",\"name\":\"Rokua Geopark\",\"description\":\"Tervetuloa l\u00f6yt\u00f6retkelle\\u2028j\u00e4\u00e4kauden j\u00e4ljille\",\"publisher\":{\"@id\":\"https:\\\/\\\/rokuageopark.fi\\\/nl\\\/#organization\"},\"potentialAction\":[{\"@type\":\"SearchAction\",\"target\":{\"@type\":\"EntryPoint\",\"urlTemplate\":\"https:\\\/\\\/rokuageopark.fi\\\/nl\\\/?s={search_term_string}\"},\"query-input\":{\"@type\":\"PropertyValueSpecification\",\"valueRequired\":true,\"valueName\":\"search_term_string\"}}],\"inLanguage\":\"nl-NL\"},{\"@type\":\"Organization\",\"@id\":\"https:\\\/\\\/rokuageopark.fi\\\/nl\\\/#organization\",\"name\":\"Rokua Geopark\",\"url\":\"https:\\\/\\\/rokuageopark.fi\\\/nl\\\/\",\"logo\":{\"@type\":\"ImageObject\",\"inLanguage\":\"nl-NL\",\"@id\":\"https:\\\/\\\/rokuageopark.fi\\\/nl\\\/#\\\/schema\\\/logo\\\/image\\\/\",\"url\":\"https:\\\/\\\/rokuageopark.fi\\\/wp-content\\\/uploads\\\/2024\\\/04\\\/rokua_geopark-logo.png\",\"contentUrl\":\"https:\\\/\\\/rokuageopark.fi\\\/wp-content\\\/uploads\\\/2024\\\/04\\\/rokua_geopark-logo.png\",\"width\":697,\"height\":697,\"caption\":\"Rokua Geopark\"},\"image\":{\"@id\":\"https:\\\/\\\/rokuageopark.fi\\\/nl\\\/#\\\/schema\\\/logo\\\/image\\\/\"}}]}<\/script>\n<!-- \/ Yoast SEO plugin. -->","yoast_head_json":{"title":"Gezinsvakantie in Rokua - Rokua Geopark","description":"Een familievakantie in Rokua is echt quality time! Er is genoeg te doen tijdens een gezinsvakantie in Rokua Geopark.","robots":{"index":"index","follow":"follow","max-snippet":"max-snippet:-1","max-image-preview":"max-image-preview:large","max-video-preview":"max-video-preview:-1"},"canonical":"https:\/\/rokuageopark.fi\/nl\/gezinsvakantie\/","og_locale":"nl_NL","og_type":"article","og_title":"Gezinsvakantie in Rokua - Rokua Geopark","og_description":"Een familievakantie in Rokua is echt quality time! Er is genoeg te doen tijdens een gezinsvakantie in Rokua Geopark.","og_url":"https:\/\/rokuageopark.fi\/nl\/gezinsvakantie\/","og_site_name":"Rokua Geopark","article_modified_time":"2025-06-14T20:30:21+00:00","og_image":[{"url":"https:\/\/rokuageopark.fi\/wp-content\/uploads\/2024\/03\/Lamminahon-tila-Rokua-Geopark-Oulujoki-Vaala-Harri-Tarvainen-1024x683.jpg","type":"","width":"","height":""}],"twitter_card":"summary_large_image","twitter_misc":{"Geschatte leestijd":"1 minuut"},"schema":{"@context":"https:\/\/schema.org","@graph":[{"@type":"WebPage","@id":"https:\/\/rokuageopark.fi\/nl\/gezinsvakantie\/","url":"https:\/\/rokuageopark.fi\/nl\/gezinsvakantie\/","name":"Gezinsvakantie in Rokua - Rokua Geopark","isPartOf":{"@id":"https:\/\/rokuageopark.fi\/nl\/#website"},"primaryImageOfPage":{"@id":"https:\/\/rokuageopark.fi\/nl\/gezinsvakantie\/#primaryimage"},"image":{"@id":"https:\/\/rokuageopark.fi\/nl\/gezinsvakantie\/#primaryimage"},"thumbnailUrl":"https:\/\/rokuageopark.fi\/wp-content\/uploads\/2024\/03\/Lamminahon-tila-Rokua-Geopark-Oulujoki-Vaala-Harri-Tarvainen-scaled.jpg","datePublished":"2024-04-09T08:06:27+00:00","dateModified":"2025-06-14T20:30:21+00:00","description":"Een familievakantie in Rokua is echt quality time! Er is genoeg te doen tijdens een gezinsvakantie in Rokua Geopark.","inLanguage":"nl-NL","potentialAction":[{"@type":"ReadAction","target":["https:\/\/rokuageopark.fi\/nl\/gezinsvakantie\/"]}]},{"@type":"ImageObject","inLanguage":"nl-NL","@id":"https:\/\/rokuageopark.fi\/nl\/gezinsvakantie\/#primaryimage","url":"https:\/\/rokuageopark.fi\/wp-content\/uploads\/2024\/03\/Lamminahon-tila-Rokua-Geopark-Oulujoki-Vaala-Harri-Tarvainen-scaled.jpg","contentUrl":"https:\/\/rokuageopark.fi\/wp-content\/uploads\/2024\/03\/Lamminahon-tila-Rokua-Geopark-Oulujoki-Vaala-Harri-Tarvainen-scaled.jpg","width":2560,"height":1707,"caption":"Perhe Lamminahon tila Rokualla"},{"@type":"WebSite","@id":"https:\/\/rokuageopark.fi\/nl\/#website","url":"https:\/\/rokuageopark.fi\/nl\/","name":"Rokua Geopark","description":"Tervetuloa l\u00f6yt\u00f6retkelle\u2028j\u00e4\u00e4kauden j\u00e4ljille","publisher":{"@id":"https:\/\/rokuageopark.fi\/nl\/#organization"},"potentialAction":[{"@type":"SearchAction","target":{"@type":"EntryPoint","urlTemplate":"https:\/\/rokuageopark.fi\/nl\/?s={search_term_string}"},"query-input":{"@type":"PropertyValueSpecification","valueRequired":true,"valueName":"search_term_string"}}],"inLanguage":"nl-NL"},{"@type":"Organization","@id":"https:\/\/rokuageopark.fi\/nl\/#organization","name":"Rokua Geopark","url":"https:\/\/rokuageopark.fi\/nl\/","logo":{"@type":"ImageObject","inLanguage":"nl-NL","@id":"https:\/\/rokuageopark.fi\/nl\/#\/schema\/logo\/image\/","url":"https:\/\/rokuageopark.fi\/wp-content\/uploads\/2024\/04\/rokua_geopark-logo.png","contentUrl":"https:\/\/rokuageopark.fi\/wp-content\/uploads\/2024\/04\/rokua_geopark-logo.png","width":697,"height":697,"caption":"Rokua Geopark"},"image":{"@id":"https:\/\/rokuageopark.fi\/nl\/#\/schema\/logo\/image\/"}}]}},"_links":{"self":[{"href":"https:\/\/rokuageopark.fi\/nl\/wp-json\/wp\/v2\/pages\/3906","targetHints":{"allow":["GET"]}}],"collection":[{"href":"https:\/\/rokuageopark.fi\/nl\/wp-json\/wp\/v2\/pages"}],"about":[{"href":"https:\/\/rokuageopark.fi\/nl\/wp-json\/wp\/v2\/types\/page"}],"author":[{"embeddable":true,"href":"https:\/\/rokuageopark.fi\/nl\/wp-json\/wp\/v2\/users\/5"}],"replies":[{"embeddable":true,"href":"https:\/\/rokuageopark.fi\/nl\/wp-json\/wp\/v2\/comments?post=3906"}],"version-history":[{"count":3,"href":"https:\/\/rokuageopark.fi\/nl\/wp-json\/wp\/v2\/pages\/3906\/revisions"}],"predecessor-version":[{"id":4381,"href":"https:\/\/rokuageopark.fi\/nl\/wp-json\/wp\/v2\/pages\/3906\/revisions\/4381"}],"wp:featuredmedia":[{"embeddable":true,"href":"https:\/\/rokuageopark.fi\/nl\/wp-json\/wp\/v2\/media\/3907"}],"wp:attachment":[{"href":"https:\/\/rokuageopark.fi\/nl\/wp-json\/wp\/v2\/media?parent=3906"}],"curies":[{"name":"wp","href":"https:\/\/api.w.org\/{rel}","templated":true}]}}