{"id":2390,"date":"2024-02-20T08:25:57","date_gmt":"2024-02-20T08:25:57","guid":{"rendered":"https:\/\/rokuageopark.fi\/?page_id=2390"},"modified":"2026-01-13T13:45:14","modified_gmt":"2026-01-13T13:45:14","slug":"events","status":"publish","type":"page","link":"https:\/\/rokuageopark.fi\/en\/events\/","title":{"rendered":"Events"},"content":{"rendered":"","protected":false},"excerpt":{"rendered":"<p> [&#8230;]<\/p>\n<p><a class=\"btn btn-secondary understrap-read-more-link\" href=\"https:\/\/rokuageopark.fi\/en\/events\/\">Read More&#8230;<span class=\"screen-reader-text\"> from Events<\/span><\/a><\/p>\n","protected":false},"author":5,"featured_media":5568,"parent":0,"menu_order":0,"comment_status":"closed","ping_status":"closed","template":"","meta":{"_acf_changed":false,"inline_featured_image":false,"footnotes":""},"class_list":["post-2390","page","type-page","status-publish","has-post-thumbnail","hentry"],"acf":[],"yoast_head":"<!-- This site is optimized with the Yoast SEO plugin v27.3 - https:\/\/yoast.com\/product\/yoast-seo-wordpress\/ -->\n<title>Events - Rokua Geopark<\/title>\n<meta name=\"description\" content=\"Rokua Geopark hosts memorable events throughout the year. Find the most interesting things to do in the Rokua Geopark area in our events calendar!\" \/>\n<meta name=\"robots\" content=\"index, follow, max-snippet:-1, max-image-preview:large, max-video-preview:-1\" \/>\n<link rel=\"canonical\" href=\"https:\/\/rokuageopark.fi\/en\/events\/\" \/>\n<meta property=\"og:locale\" content=\"en_US\" \/>\n<meta property=\"og:type\" content=\"article\" \/>\n<meta property=\"og:title\" content=\"Events - Rokua Geopark\" \/>\n<meta property=\"og:description\" content=\"Rokua Geopark hosts memorable events throughout the year. Find the most interesting things to do in the Rokua Geopark area in our events calendar!\" \/>\n<meta property=\"og:url\" content=\"https:\/\/rokuageopark.fi\/en\/events\/\" \/>\n<meta property=\"og:site_name\" content=\"Rokua Geopark\" \/>\n<meta property=\"article:modified_time\" content=\"2026-01-13T13:45:14+00:00\" \/>\n<meta property=\"og:image\" content=\"https:\/\/rokuageopark.fi\/wp-content\/uploads\/2024\/04\/Rokua-Rokua_Geopark-1-scaled-e1712740703327.jpg\" \/>\n\t<meta property=\"og:image:width\" content=\"2560\" \/>\n\t<meta property=\"og:image:height\" content=\"1707\" \/>\n\t<meta property=\"og:image:type\" content=\"image\/jpeg\" \/>\n<meta name=\"twitter:card\" content=\"summary_large_image\" \/>\n<meta name=\"twitter:label1\" content=\"Est. reading time\" \/>\n\t<meta name=\"twitter:data1\" content=\"1 minute\" \/>\n<script type=\"application\/ld+json\" class=\"yoast-schema-graph\">{\"@context\":\"https:\\\/\\\/schema.org\",\"@graph\":[{\"@type\":\"WebPage\",\"@id\":\"https:\\\/\\\/rokuageopark.fi\\\/en\\\/events\\\/\",\"url\":\"https:\\\/\\\/rokuageopark.fi\\\/en\\\/events\\\/\",\"name\":\"Events - Rokua Geopark\",\"isPartOf\":{\"@id\":\"https:\\\/\\\/rokuageopark.fi\\\/en\\\/#website\"},\"primaryImageOfPage\":{\"@id\":\"https:\\\/\\\/rokuageopark.fi\\\/en\\\/events\\\/#primaryimage\"},\"image\":{\"@id\":\"https:\\\/\\\/rokuageopark.fi\\\/en\\\/events\\\/#primaryimage\"},\"thumbnailUrl\":\"https:\\\/\\\/rokuageopark.fi\\\/wp-content\\\/uploads\\\/2025\\\/12\\\/RokuaGeopark_4E5A8245-scaled.jpg\",\"datePublished\":\"2024-02-20T08:25:57+00:00\",\"dateModified\":\"2026-01-13T13:45:14+00:00\",\"description\":\"Rokua Geopark hosts memorable events throughout the year. Find the most interesting things to do in the Rokua Geopark area in our events calendar!\",\"inLanguage\":\"en-US\",\"potentialAction\":[{\"@type\":\"ReadAction\",\"target\":[\"https:\\\/\\\/rokuageopark.fi\\\/en\\\/events\\\/\"]}]},{\"@type\":\"ImageObject\",\"inLanguage\":\"en-US\",\"@id\":\"https:\\\/\\\/rokuageopark.fi\\\/en\\\/events\\\/#primaryimage\",\"url\":\"https:\\\/\\\/rokuageopark.fi\\\/wp-content\\\/uploads\\\/2025\\\/12\\\/RokuaGeopark_4E5A8245-scaled.jpg\",\"contentUrl\":\"https:\\\/\\\/rokuageopark.fi\\\/wp-content\\\/uploads\\\/2025\\\/12\\\/RokuaGeopark_4E5A8245-scaled.jpg\",\"width\":2560,\"height\":1707,\"caption\":\"Perhe hiiht\u00e4\u00e4 Ouluj\u00e4rvell\u00e4\"},{\"@type\":\"WebSite\",\"@id\":\"https:\\\/\\\/rokuageopark.fi\\\/en\\\/#website\",\"url\":\"https:\\\/\\\/rokuageopark.fi\\\/en\\\/\",\"name\":\"Rokua Geopark\",\"description\":\"Tervetuloa l\u00f6yt\u00f6retkelle\\u2028j\u00e4\u00e4kauden j\u00e4ljille\",\"publisher\":{\"@id\":\"https:\\\/\\\/rokuageopark.fi\\\/en\\\/#organization\"},\"potentialAction\":[{\"@type\":\"SearchAction\",\"target\":{\"@type\":\"EntryPoint\",\"urlTemplate\":\"https:\\\/\\\/rokuageopark.fi\\\/en\\\/?s={search_term_string}\"},\"query-input\":{\"@type\":\"PropertyValueSpecification\",\"valueRequired\":true,\"valueName\":\"search_term_string\"}}],\"inLanguage\":\"en-US\"},{\"@type\":\"Organization\",\"@id\":\"https:\\\/\\\/rokuageopark.fi\\\/en\\\/#organization\",\"name\":\"Rokua Geopark\",\"url\":\"https:\\\/\\\/rokuageopark.fi\\\/en\\\/\",\"logo\":{\"@type\":\"ImageObject\",\"inLanguage\":\"en-US\",\"@id\":\"https:\\\/\\\/rokuageopark.fi\\\/en\\\/#\\\/schema\\\/logo\\\/image\\\/\",\"url\":\"https:\\\/\\\/rokuageopark.fi\\\/wp-content\\\/uploads\\\/2024\\\/04\\\/rokua_geopark-logo.png\",\"contentUrl\":\"https:\\\/\\\/rokuageopark.fi\\\/wp-content\\\/uploads\\\/2024\\\/04\\\/rokua_geopark-logo.png\",\"width\":697,\"height\":697,\"caption\":\"Rokua Geopark\"},\"image\":{\"@id\":\"https:\\\/\\\/rokuageopark.fi\\\/en\\\/#\\\/schema\\\/logo\\\/image\\\/\"}}]}<\/script>\n<!-- \/ Yoast SEO plugin. -->","yoast_head_json":{"title":"Events - Rokua Geopark","description":"Rokua Geopark hosts memorable events throughout the year. Find the most interesting things to do in the Rokua Geopark area in our events calendar!","robots":{"index":"index","follow":"follow","max-snippet":"max-snippet:-1","max-image-preview":"max-image-preview:large","max-video-preview":"max-video-preview:-1"},"canonical":"https:\/\/rokuageopark.fi\/en\/events\/","og_locale":"en_US","og_type":"article","og_title":"Events - Rokua Geopark","og_description":"Rokua Geopark hosts memorable events throughout the year. Find the most interesting things to do in the Rokua Geopark area in our events calendar!","og_url":"https:\/\/rokuageopark.fi\/en\/events\/","og_site_name":"Rokua Geopark","article_modified_time":"2026-01-13T13:45:14+00:00","og_image":[{"width":2560,"height":1707,"url":"https:\/\/rokuageopark.fi\/wp-content\/uploads\/2024\/04\/Rokua-Rokua_Geopark-1-scaled-e1712740703327.jpg","type":"image\/jpeg"}],"twitter_card":"summary_large_image","twitter_misc":{"Est. reading time":"1 minute"},"schema":{"@context":"https:\/\/schema.org","@graph":[{"@type":"WebPage","@id":"https:\/\/rokuageopark.fi\/en\/events\/","url":"https:\/\/rokuageopark.fi\/en\/events\/","name":"Events - Rokua Geopark","isPartOf":{"@id":"https:\/\/rokuageopark.fi\/en\/#website"},"primaryImageOfPage":{"@id":"https:\/\/rokuageopark.fi\/en\/events\/#primaryimage"},"image":{"@id":"https:\/\/rokuageopark.fi\/en\/events\/#primaryimage"},"thumbnailUrl":"https:\/\/rokuageopark.fi\/wp-content\/uploads\/2025\/12\/RokuaGeopark_4E5A8245-scaled.jpg","datePublished":"2024-02-20T08:25:57+00:00","dateModified":"2026-01-13T13:45:14+00:00","description":"Rokua Geopark hosts memorable events throughout the year. Find the most interesting things to do in the Rokua Geopark area in our events calendar!","inLanguage":"en-US","potentialAction":[{"@type":"ReadAction","target":["https:\/\/rokuageopark.fi\/en\/events\/"]}]},{"@type":"ImageObject","inLanguage":"en-US","@id":"https:\/\/rokuageopark.fi\/en\/events\/#primaryimage","url":"https:\/\/rokuageopark.fi\/wp-content\/uploads\/2025\/12\/RokuaGeopark_4E5A8245-scaled.jpg","contentUrl":"https:\/\/rokuageopark.fi\/wp-content\/uploads\/2025\/12\/RokuaGeopark_4E5A8245-scaled.jpg","width":2560,"height":1707,"caption":"Perhe hiiht\u00e4\u00e4 Ouluj\u00e4rvell\u00e4"},{"@type":"WebSite","@id":"https:\/\/rokuageopark.fi\/en\/#website","url":"https:\/\/rokuageopark.fi\/en\/","name":"Rokua Geopark","description":"Tervetuloa l\u00f6yt\u00f6retkelle\u2028j\u00e4\u00e4kauden j\u00e4ljille","publisher":{"@id":"https:\/\/rokuageopark.fi\/en\/#organization"},"potentialAction":[{"@type":"SearchAction","target":{"@type":"EntryPoint","urlTemplate":"https:\/\/rokuageopark.fi\/en\/?s={search_term_string}"},"query-input":{"@type":"PropertyValueSpecification","valueRequired":true,"valueName":"search_term_string"}}],"inLanguage":"en-US"},{"@type":"Organization","@id":"https:\/\/rokuageopark.fi\/en\/#organization","name":"Rokua Geopark","url":"https:\/\/rokuageopark.fi\/en\/","logo":{"@type":"ImageObject","inLanguage":"en-US","@id":"https:\/\/rokuageopark.fi\/en\/#\/schema\/logo\/image\/","url":"https:\/\/rokuageopark.fi\/wp-content\/uploads\/2024\/04\/rokua_geopark-logo.png","contentUrl":"https:\/\/rokuageopark.fi\/wp-content\/uploads\/2024\/04\/rokua_geopark-logo.png","width":697,"height":697,"caption":"Rokua Geopark"},"image":{"@id":"https:\/\/rokuageopark.fi\/en\/#\/schema\/logo\/image\/"}}]}},"_links":{"self":[{"href":"https:\/\/rokuageopark.fi\/en\/wp-json\/wp\/v2\/pages\/2390","targetHints":{"allow":["GET"]}}],"collection":[{"href":"https:\/\/rokuageopark.fi\/en\/wp-json\/wp\/v2\/pages"}],"about":[{"href":"https:\/\/rokuageopark.fi\/en\/wp-json\/wp\/v2\/types\/page"}],"author":[{"embeddable":true,"href":"https:\/\/rokuageopark.fi\/en\/wp-json\/wp\/v2\/users\/5"}],"replies":[{"embeddable":true,"href":"https:\/\/rokuageopark.fi\/en\/wp-json\/wp\/v2\/comments?post=2390"}],"version-history":[{"count":7,"href":"https:\/\/rokuageopark.fi\/en\/wp-json\/wp\/v2\/pages\/2390\/revisions"}],"predecessor-version":[{"id":5742,"href":"https:\/\/rokuageopark.fi\/en\/wp-json\/wp\/v2\/pages\/2390\/revisions\/5742"}],"wp:featuredmedia":[{"embeddable":true,"href":"https:\/\/rokuageopark.fi\/en\/wp-json\/wp\/v2\/media\/5568"}],"wp:attachment":[{"href":"https:\/\/rokuageopark.fi\/en\/wp-json\/wp\/v2\/media?parent=2390"}],"curies":[{"name":"wp","href":"https:\/\/api.w.org\/{rel}","templated":true}]}}