{"id":2383,"date":"2024-04-09T08:49:38","date_gmt":"2024-04-09T08:49:38","guid":{"rendered":"https:\/\/rokuageopark.fi\/?page_id=2383"},"modified":"2024-05-27T07:42:54","modified_gmt":"2024-05-27T07:42:54","slug":"rokua-geopark-for-groups","status":"publish","type":"page","link":"https:\/\/rokuageopark.fi\/en\/rokua-geopark-for-groups\/","title":{"rendered":"Rokua Geopark for groups"},"content":{"rendered":"","protected":false},"excerpt":{"rendered":"<p> [&#8230;]<\/p>\n<p><a class=\"btn btn-secondary understrap-read-more-link\" href=\"https:\/\/rokuageopark.fi\/en\/rokua-geopark-for-groups\/\">Read More&#8230;<span class=\"screen-reader-text\"> from Rokua Geopark for groups<\/span><\/a><\/p>\n","protected":false},"author":5,"featured_media":760,"parent":0,"menu_order":0,"comment_status":"closed","ping_status":"closed","template":"","meta":{"_acf_changed":false,"inline_featured_image":false,"footnotes":""},"class_list":["post-2383","page","type-page","status-publish","has-post-thumbnail","hentry"],"acf":[],"yoast_head":"<!-- This site is optimized with the Yoast SEO plugin v27.3 - https:\/\/yoast.com\/product\/yoast-seo-wordpress\/ -->\n<title>Rokua Geopark for groups - Rokua Geopark<\/title>\n<meta name=\"description\" content=\"Organise an event, party or recreational day in Rokua Geopark for a large or small group in a rural setting, by a lake or in a Wild West village.\" \/>\n<meta name=\"robots\" content=\"index, follow, max-snippet:-1, max-image-preview:large, max-video-preview:-1\" \/>\n<link rel=\"canonical\" href=\"https:\/\/rokuageopark.fi\/en\/rokua-geopark-for-groups\/\" \/>\n<meta property=\"og:locale\" content=\"en_US\" \/>\n<meta property=\"og:type\" content=\"article\" \/>\n<meta property=\"og:title\" content=\"Rokua Geopark for groups - Rokua Geopark\" \/>\n<meta property=\"og:description\" content=\"Organise an event, party or recreational day in Rokua Geopark for a large or small group in a rural setting, by a lake or in a Wild West village.\" \/>\n<meta property=\"og:url\" content=\"https:\/\/rokuageopark.fi\/en\/rokua-geopark-for-groups\/\" \/>\n<meta property=\"og:site_name\" content=\"Rokua Geopark\" \/>\n<meta property=\"article:modified_time\" content=\"2024-05-27T07:42:54+00:00\" \/>\n<meta property=\"og:image\" content=\"https:\/\/rokuageopark.fi\/wp-content\/uploads\/2024\/03\/DJI_0548-1-scaled.jpg\" \/>\n\t<meta property=\"og:image:width\" content=\"2560\" \/>\n\t<meta property=\"og:image:height\" content=\"1438\" \/>\n\t<meta property=\"og:image:type\" content=\"image\/jpeg\" \/>\n<meta name=\"twitter:card\" content=\"summary_large_image\" \/>\n<meta name=\"twitter:label1\" content=\"Est. reading time\" \/>\n\t<meta name=\"twitter:data1\" content=\"1 minute\" \/>\n<script type=\"application\/ld+json\" class=\"yoast-schema-graph\">{\"@context\":\"https:\\\/\\\/schema.org\",\"@graph\":[{\"@type\":\"WebPage\",\"@id\":\"https:\\\/\\\/rokuageopark.fi\\\/en\\\/rokua-geopark-for-groups\\\/\",\"url\":\"https:\\\/\\\/rokuageopark.fi\\\/en\\\/rokua-geopark-for-groups\\\/\",\"name\":\"Rokua Geopark for groups - Rokua Geopark\",\"isPartOf\":{\"@id\":\"https:\\\/\\\/rokuageopark.fi\\\/en\\\/#website\"},\"primaryImageOfPage\":{\"@id\":\"https:\\\/\\\/rokuageopark.fi\\\/en\\\/rokua-geopark-for-groups\\\/#primaryimage\"},\"image\":{\"@id\":\"https:\\\/\\\/rokuageopark.fi\\\/en\\\/rokua-geopark-for-groups\\\/#primaryimage\"},\"thumbnailUrl\":\"https:\\\/\\\/rokuageopark.fi\\\/wp-content\\\/uploads\\\/2024\\\/03\\\/DJI_0548-1-scaled.jpg\",\"datePublished\":\"2024-04-09T08:49:38+00:00\",\"dateModified\":\"2024-05-27T07:42:54+00:00\",\"description\":\"Organise an event, party or recreational day in Rokua Geopark for a large or small group in a rural setting, by a lake or in a Wild West village.\",\"inLanguage\":\"en-US\",\"potentialAction\":[{\"@type\":\"ReadAction\",\"target\":[\"https:\\\/\\\/rokuageopark.fi\\\/en\\\/rokua-geopark-for-groups\\\/\"]}]},{\"@type\":\"ImageObject\",\"inLanguage\":\"en-US\",\"@id\":\"https:\\\/\\\/rokuageopark.fi\\\/en\\\/rokua-geopark-for-groups\\\/#primaryimage\",\"url\":\"https:\\\/\\\/rokuageopark.fi\\\/wp-content\\\/uploads\\\/2024\\\/03\\\/DJI_0548-1-scaled.jpg\",\"contentUrl\":\"https:\\\/\\\/rokuageopark.fi\\\/wp-content\\\/uploads\\\/2024\\\/03\\\/DJI_0548-1-scaled.jpg\",\"width\":2560,\"height\":1438,\"caption\":\"Runsaasti kanootteja ja melojia Ouluj\u00e4rvell\u00e4\"},{\"@type\":\"WebSite\",\"@id\":\"https:\\\/\\\/rokuageopark.fi\\\/en\\\/#website\",\"url\":\"https:\\\/\\\/rokuageopark.fi\\\/en\\\/\",\"name\":\"Rokua Geopark\",\"description\":\"Tervetuloa l\u00f6yt\u00f6retkelle\\u2028j\u00e4\u00e4kauden j\u00e4ljille\",\"publisher\":{\"@id\":\"https:\\\/\\\/rokuageopark.fi\\\/en\\\/#organization\"},\"potentialAction\":[{\"@type\":\"SearchAction\",\"target\":{\"@type\":\"EntryPoint\",\"urlTemplate\":\"https:\\\/\\\/rokuageopark.fi\\\/en\\\/?s={search_term_string}\"},\"query-input\":{\"@type\":\"PropertyValueSpecification\",\"valueRequired\":true,\"valueName\":\"search_term_string\"}}],\"inLanguage\":\"en-US\"},{\"@type\":\"Organization\",\"@id\":\"https:\\\/\\\/rokuageopark.fi\\\/en\\\/#organization\",\"name\":\"Rokua Geopark\",\"url\":\"https:\\\/\\\/rokuageopark.fi\\\/en\\\/\",\"logo\":{\"@type\":\"ImageObject\",\"inLanguage\":\"en-US\",\"@id\":\"https:\\\/\\\/rokuageopark.fi\\\/en\\\/#\\\/schema\\\/logo\\\/image\\\/\",\"url\":\"https:\\\/\\\/rokuageopark.fi\\\/wp-content\\\/uploads\\\/2024\\\/04\\\/rokua_geopark-logo.png\",\"contentUrl\":\"https:\\\/\\\/rokuageopark.fi\\\/wp-content\\\/uploads\\\/2024\\\/04\\\/rokua_geopark-logo.png\",\"width\":697,\"height\":697,\"caption\":\"Rokua Geopark\"},\"image\":{\"@id\":\"https:\\\/\\\/rokuageopark.fi\\\/en\\\/#\\\/schema\\\/logo\\\/image\\\/\"}}]}<\/script>\n<!-- \/ Yoast SEO plugin. -->","yoast_head_json":{"title":"Rokua Geopark for groups - Rokua Geopark","description":"Organise an event, party or recreational day in Rokua Geopark for a large or small group in a rural setting, by a lake or in a Wild West village.","robots":{"index":"index","follow":"follow","max-snippet":"max-snippet:-1","max-image-preview":"max-image-preview:large","max-video-preview":"max-video-preview:-1"},"canonical":"https:\/\/rokuageopark.fi\/en\/rokua-geopark-for-groups\/","og_locale":"en_US","og_type":"article","og_title":"Rokua Geopark for groups - Rokua Geopark","og_description":"Organise an event, party or recreational day in Rokua Geopark for a large or small group in a rural setting, by a lake or in a Wild West village.","og_url":"https:\/\/rokuageopark.fi\/en\/rokua-geopark-for-groups\/","og_site_name":"Rokua Geopark","article_modified_time":"2024-05-27T07:42:54+00:00","og_image":[{"width":2560,"height":1438,"url":"https:\/\/rokuageopark.fi\/wp-content\/uploads\/2024\/03\/DJI_0548-1-scaled.jpg","type":"image\/jpeg"}],"twitter_card":"summary_large_image","twitter_misc":{"Est. reading time":"1 minute"},"schema":{"@context":"https:\/\/schema.org","@graph":[{"@type":"WebPage","@id":"https:\/\/rokuageopark.fi\/en\/rokua-geopark-for-groups\/","url":"https:\/\/rokuageopark.fi\/en\/rokua-geopark-for-groups\/","name":"Rokua Geopark for groups - Rokua Geopark","isPartOf":{"@id":"https:\/\/rokuageopark.fi\/en\/#website"},"primaryImageOfPage":{"@id":"https:\/\/rokuageopark.fi\/en\/rokua-geopark-for-groups\/#primaryimage"},"image":{"@id":"https:\/\/rokuageopark.fi\/en\/rokua-geopark-for-groups\/#primaryimage"},"thumbnailUrl":"https:\/\/rokuageopark.fi\/wp-content\/uploads\/2024\/03\/DJI_0548-1-scaled.jpg","datePublished":"2024-04-09T08:49:38+00:00","dateModified":"2024-05-27T07:42:54+00:00","description":"Organise an event, party or recreational day in Rokua Geopark for a large or small group in a rural setting, by a lake or in a Wild West village.","inLanguage":"en-US","potentialAction":[{"@type":"ReadAction","target":["https:\/\/rokuageopark.fi\/en\/rokua-geopark-for-groups\/"]}]},{"@type":"ImageObject","inLanguage":"en-US","@id":"https:\/\/rokuageopark.fi\/en\/rokua-geopark-for-groups\/#primaryimage","url":"https:\/\/rokuageopark.fi\/wp-content\/uploads\/2024\/03\/DJI_0548-1-scaled.jpg","contentUrl":"https:\/\/rokuageopark.fi\/wp-content\/uploads\/2024\/03\/DJI_0548-1-scaled.jpg","width":2560,"height":1438,"caption":"Runsaasti kanootteja ja melojia Ouluj\u00e4rvell\u00e4"},{"@type":"WebSite","@id":"https:\/\/rokuageopark.fi\/en\/#website","url":"https:\/\/rokuageopark.fi\/en\/","name":"Rokua Geopark","description":"Tervetuloa l\u00f6yt\u00f6retkelle\u2028j\u00e4\u00e4kauden j\u00e4ljille","publisher":{"@id":"https:\/\/rokuageopark.fi\/en\/#organization"},"potentialAction":[{"@type":"SearchAction","target":{"@type":"EntryPoint","urlTemplate":"https:\/\/rokuageopark.fi\/en\/?s={search_term_string}"},"query-input":{"@type":"PropertyValueSpecification","valueRequired":true,"valueName":"search_term_string"}}],"inLanguage":"en-US"},{"@type":"Organization","@id":"https:\/\/rokuageopark.fi\/en\/#organization","name":"Rokua Geopark","url":"https:\/\/rokuageopark.fi\/en\/","logo":{"@type":"ImageObject","inLanguage":"en-US","@id":"https:\/\/rokuageopark.fi\/en\/#\/schema\/logo\/image\/","url":"https:\/\/rokuageopark.fi\/wp-content\/uploads\/2024\/04\/rokua_geopark-logo.png","contentUrl":"https:\/\/rokuageopark.fi\/wp-content\/uploads\/2024\/04\/rokua_geopark-logo.png","width":697,"height":697,"caption":"Rokua Geopark"},"image":{"@id":"https:\/\/rokuageopark.fi\/en\/#\/schema\/logo\/image\/"}}]}},"_links":{"self":[{"href":"https:\/\/rokuageopark.fi\/en\/wp-json\/wp\/v2\/pages\/2383","targetHints":{"allow":["GET"]}}],"collection":[{"href":"https:\/\/rokuageopark.fi\/en\/wp-json\/wp\/v2\/pages"}],"about":[{"href":"https:\/\/rokuageopark.fi\/en\/wp-json\/wp\/v2\/types\/page"}],"author":[{"embeddable":true,"href":"https:\/\/rokuageopark.fi\/en\/wp-json\/wp\/v2\/users\/5"}],"replies":[{"embeddable":true,"href":"https:\/\/rokuageopark.fi\/en\/wp-json\/wp\/v2\/comments?post=2383"}],"version-history":[{"count":1,"href":"https:\/\/rokuageopark.fi\/en\/wp-json\/wp\/v2\/pages\/2383\/revisions"}],"predecessor-version":[{"id":2384,"href":"https:\/\/rokuageopark.fi\/en\/wp-json\/wp\/v2\/pages\/2383\/revisions\/2384"}],"wp:featuredmedia":[{"embeddable":true,"href":"https:\/\/rokuageopark.fi\/en\/wp-json\/wp\/v2\/media\/760"}],"wp:attachment":[{"href":"https:\/\/rokuageopark.fi\/en\/wp-json\/wp\/v2\/media?parent=2383"}],"curies":[{"name":"wp","href":"https:\/\/api.w.org\/{rel}","templated":true}]}}