{"id":2376,"date":"2024-03-22T07:43:31","date_gmt":"2024-03-22T07:43:31","guid":{"rendered":"https:\/\/rokuageopark.fi\/?page_id=2376"},"modified":"2025-04-27T14:24:29","modified_gmt":"2025-04-27T14:24:29","slug":"equipment-rental","status":"publish","type":"page","link":"https:\/\/rokuageopark.fi\/en\/services\/equipment-rental\/","title":{"rendered":"Equipment rental"},"content":{"rendered":"","protected":false},"excerpt":{"rendered":"<p> [&#8230;]<\/p>\n<p><a class=\"btn btn-secondary understrap-read-more-link\" href=\"https:\/\/rokuageopark.fi\/en\/services\/equipment-rental\/\">Read More&#8230;<span class=\"screen-reader-text\"> from Equipment rental<\/span><\/a><\/p>\n","protected":false},"author":5,"featured_media":1015,"parent":2281,"menu_order":0,"comment_status":"closed","ping_status":"closed","template":"","meta":{"_acf_changed":false,"inline_featured_image":false,"footnotes":""},"class_list":["post-2376","page","type-page","status-publish","has-post-thumbnail","hentry"],"acf":[],"yoast_head":"<!-- This site is optimized with the Yoast SEO plugin v27.3 - https:\/\/yoast.com\/product\/yoast-seo-wordpress\/ -->\n<title>Equipment rental - Rokua Geopark<\/title>\n<meta name=\"description\" content=\"Hire equipment for your explorations in Rokua Geopark! Mountain bikes, skis, snowshoes, fishing gear and canoes for both land and water all year round.\" \/>\n<meta name=\"robots\" content=\"index, follow, max-snippet:-1, max-image-preview:large, max-video-preview:-1\" \/>\n<link rel=\"canonical\" href=\"https:\/\/rokuageopark.fi\/en\/services\/equipment-rental\/\" \/>\n<meta property=\"og:locale\" content=\"en_US\" \/>\n<meta property=\"og:type\" content=\"article\" \/>\n<meta property=\"og:title\" content=\"Equipment rental - Rokua Geopark\" \/>\n<meta property=\"og:description\" content=\"Hire equipment for your explorations in Rokua Geopark! Mountain bikes, skis, snowshoes, fishing gear and canoes for both land and water all year round.\" \/>\n<meta property=\"og:url\" content=\"https:\/\/rokuageopark.fi\/en\/services\/equipment-rental\/\" \/>\n<meta property=\"og:site_name\" content=\"Rokua Geopark\" \/>\n<meta property=\"article:modified_time\" content=\"2025-04-27T14:24:29+00:00\" \/>\n<meta property=\"og:image\" content=\"https:\/\/rokuageopark.fi\/wp-content\/uploads\/2024\/03\/AOR_Rokua_4E5A7700-1-scaled.jpg\" \/>\n\t<meta property=\"og:image:width\" content=\"2560\" \/>\n\t<meta property=\"og:image:height\" content=\"1707\" \/>\n\t<meta property=\"og:image:type\" content=\"image\/jpeg\" \/>\n<meta name=\"twitter:card\" content=\"summary_large_image\" \/>\n<meta name=\"twitter:label1\" content=\"Est. reading time\" \/>\n\t<meta name=\"twitter:data1\" content=\"1 minute\" \/>\n<script type=\"application\/ld+json\" class=\"yoast-schema-graph\">{\"@context\":\"https:\\\/\\\/schema.org\",\"@graph\":[{\"@type\":\"WebPage\",\"@id\":\"https:\\\/\\\/rokuageopark.fi\\\/en\\\/services\\\/equipment-rental\\\/\",\"url\":\"https:\\\/\\\/rokuageopark.fi\\\/en\\\/services\\\/equipment-rental\\\/\",\"name\":\"Equipment rental - Rokua Geopark\",\"isPartOf\":{\"@id\":\"https:\\\/\\\/rokuageopark.fi\\\/en\\\/#website\"},\"primaryImageOfPage\":{\"@id\":\"https:\\\/\\\/rokuageopark.fi\\\/en\\\/services\\\/equipment-rental\\\/#primaryimage\"},\"image\":{\"@id\":\"https:\\\/\\\/rokuageopark.fi\\\/en\\\/services\\\/equipment-rental\\\/#primaryimage\"},\"thumbnailUrl\":\"https:\\\/\\\/rokuageopark.fi\\\/wp-content\\\/uploads\\\/2024\\\/03\\\/AOR_Rokua_4E5A7700-1-scaled.jpg\",\"datePublished\":\"2024-03-22T07:43:31+00:00\",\"dateModified\":\"2025-04-27T14:24:29+00:00\",\"description\":\"Hire equipment for your explorations in Rokua Geopark! Mountain bikes, skis, snowshoes, fishing gear and canoes for both land and water all year round.\",\"breadcrumb\":{\"@id\":\"https:\\\/\\\/rokuageopark.fi\\\/en\\\/services\\\/equipment-rental\\\/#breadcrumb\"},\"inLanguage\":\"en-US\",\"potentialAction\":[{\"@type\":\"ReadAction\",\"target\":[\"https:\\\/\\\/rokuageopark.fi\\\/en\\\/services\\\/equipment-rental\\\/\"]}]},{\"@type\":\"ImageObject\",\"inLanguage\":\"en-US\",\"@id\":\"https:\\\/\\\/rokuageopark.fi\\\/en\\\/services\\\/equipment-rental\\\/#primaryimage\",\"url\":\"https:\\\/\\\/rokuageopark.fi\\\/wp-content\\\/uploads\\\/2024\\\/03\\\/AOR_Rokua_4E5A7700-1-scaled.jpg\",\"contentUrl\":\"https:\\\/\\\/rokuageopark.fi\\\/wp-content\\\/uploads\\\/2024\\\/03\\\/AOR_Rokua_4E5A7700-1-scaled.jpg\",\"width\":2560,\"height\":1707,\"caption\":\"Kaksi fatbike\u00e4 mets\u00e4ss\u00e4 nojaamassa puihin\"},{\"@type\":\"BreadcrumbList\",\"@id\":\"https:\\\/\\\/rokuageopark.fi\\\/en\\\/services\\\/equipment-rental\\\/#breadcrumb\",\"itemListElement\":[{\"@type\":\"ListItem\",\"position\":1,\"name\":\"Services\",\"item\":\"https:\\\/\\\/rokuageopark.fi\\\/en\\\/services\\\/\"},{\"@type\":\"ListItem\",\"position\":2,\"name\":\"Equipment rental\"}]},{\"@type\":\"WebSite\",\"@id\":\"https:\\\/\\\/rokuageopark.fi\\\/en\\\/#website\",\"url\":\"https:\\\/\\\/rokuageopark.fi\\\/en\\\/\",\"name\":\"Rokua Geopark\",\"description\":\"Tervetuloa l\u00f6yt\u00f6retkelle\\u2028j\u00e4\u00e4kauden j\u00e4ljille\",\"publisher\":{\"@id\":\"https:\\\/\\\/rokuageopark.fi\\\/en\\\/#organization\"},\"potentialAction\":[{\"@type\":\"SearchAction\",\"target\":{\"@type\":\"EntryPoint\",\"urlTemplate\":\"https:\\\/\\\/rokuageopark.fi\\\/en\\\/?s={search_term_string}\"},\"query-input\":{\"@type\":\"PropertyValueSpecification\",\"valueRequired\":true,\"valueName\":\"search_term_string\"}}],\"inLanguage\":\"en-US\"},{\"@type\":\"Organization\",\"@id\":\"https:\\\/\\\/rokuageopark.fi\\\/en\\\/#organization\",\"name\":\"Rokua Geopark\",\"url\":\"https:\\\/\\\/rokuageopark.fi\\\/en\\\/\",\"logo\":{\"@type\":\"ImageObject\",\"inLanguage\":\"en-US\",\"@id\":\"https:\\\/\\\/rokuageopark.fi\\\/en\\\/#\\\/schema\\\/logo\\\/image\\\/\",\"url\":\"https:\\\/\\\/rokuageopark.fi\\\/wp-content\\\/uploads\\\/2024\\\/04\\\/rokua_geopark-logo.png\",\"contentUrl\":\"https:\\\/\\\/rokuageopark.fi\\\/wp-content\\\/uploads\\\/2024\\\/04\\\/rokua_geopark-logo.png\",\"width\":697,\"height\":697,\"caption\":\"Rokua Geopark\"},\"image\":{\"@id\":\"https:\\\/\\\/rokuageopark.fi\\\/en\\\/#\\\/schema\\\/logo\\\/image\\\/\"}}]}<\/script>\n<!-- \/ Yoast SEO plugin. -->","yoast_head_json":{"title":"Equipment rental - Rokua Geopark","description":"Hire equipment for your explorations in Rokua Geopark! Mountain bikes, skis, snowshoes, fishing gear and canoes for both land and water all year round.","robots":{"index":"index","follow":"follow","max-snippet":"max-snippet:-1","max-image-preview":"max-image-preview:large","max-video-preview":"max-video-preview:-1"},"canonical":"https:\/\/rokuageopark.fi\/en\/services\/equipment-rental\/","og_locale":"en_US","og_type":"article","og_title":"Equipment rental - Rokua Geopark","og_description":"Hire equipment for your explorations in Rokua Geopark! Mountain bikes, skis, snowshoes, fishing gear and canoes for both land and water all year round.","og_url":"https:\/\/rokuageopark.fi\/en\/services\/equipment-rental\/","og_site_name":"Rokua Geopark","article_modified_time":"2025-04-27T14:24:29+00:00","og_image":[{"width":2560,"height":1707,"url":"https:\/\/rokuageopark.fi\/wp-content\/uploads\/2024\/03\/AOR_Rokua_4E5A7700-1-scaled.jpg","type":"image\/jpeg"}],"twitter_card":"summary_large_image","twitter_misc":{"Est. reading time":"1 minute"},"schema":{"@context":"https:\/\/schema.org","@graph":[{"@type":"WebPage","@id":"https:\/\/rokuageopark.fi\/en\/services\/equipment-rental\/","url":"https:\/\/rokuageopark.fi\/en\/services\/equipment-rental\/","name":"Equipment rental - Rokua Geopark","isPartOf":{"@id":"https:\/\/rokuageopark.fi\/en\/#website"},"primaryImageOfPage":{"@id":"https:\/\/rokuageopark.fi\/en\/services\/equipment-rental\/#primaryimage"},"image":{"@id":"https:\/\/rokuageopark.fi\/en\/services\/equipment-rental\/#primaryimage"},"thumbnailUrl":"https:\/\/rokuageopark.fi\/wp-content\/uploads\/2024\/03\/AOR_Rokua_4E5A7700-1-scaled.jpg","datePublished":"2024-03-22T07:43:31+00:00","dateModified":"2025-04-27T14:24:29+00:00","description":"Hire equipment for your explorations in Rokua Geopark! Mountain bikes, skis, snowshoes, fishing gear and canoes for both land and water all year round.","breadcrumb":{"@id":"https:\/\/rokuageopark.fi\/en\/services\/equipment-rental\/#breadcrumb"},"inLanguage":"en-US","potentialAction":[{"@type":"ReadAction","target":["https:\/\/rokuageopark.fi\/en\/services\/equipment-rental\/"]}]},{"@type":"ImageObject","inLanguage":"en-US","@id":"https:\/\/rokuageopark.fi\/en\/services\/equipment-rental\/#primaryimage","url":"https:\/\/rokuageopark.fi\/wp-content\/uploads\/2024\/03\/AOR_Rokua_4E5A7700-1-scaled.jpg","contentUrl":"https:\/\/rokuageopark.fi\/wp-content\/uploads\/2024\/03\/AOR_Rokua_4E5A7700-1-scaled.jpg","width":2560,"height":1707,"caption":"Kaksi fatbike\u00e4 mets\u00e4ss\u00e4 nojaamassa puihin"},{"@type":"BreadcrumbList","@id":"https:\/\/rokuageopark.fi\/en\/services\/equipment-rental\/#breadcrumb","itemListElement":[{"@type":"ListItem","position":1,"name":"Services","item":"https:\/\/rokuageopark.fi\/en\/services\/"},{"@type":"ListItem","position":2,"name":"Equipment rental"}]},{"@type":"WebSite","@id":"https:\/\/rokuageopark.fi\/en\/#website","url":"https:\/\/rokuageopark.fi\/en\/","name":"Rokua Geopark","description":"Tervetuloa l\u00f6yt\u00f6retkelle\u2028j\u00e4\u00e4kauden j\u00e4ljille","publisher":{"@id":"https:\/\/rokuageopark.fi\/en\/#organization"},"potentialAction":[{"@type":"SearchAction","target":{"@type":"EntryPoint","urlTemplate":"https:\/\/rokuageopark.fi\/en\/?s={search_term_string}"},"query-input":{"@type":"PropertyValueSpecification","valueRequired":true,"valueName":"search_term_string"}}],"inLanguage":"en-US"},{"@type":"Organization","@id":"https:\/\/rokuageopark.fi\/en\/#organization","name":"Rokua Geopark","url":"https:\/\/rokuageopark.fi\/en\/","logo":{"@type":"ImageObject","inLanguage":"en-US","@id":"https:\/\/rokuageopark.fi\/en\/#\/schema\/logo\/image\/","url":"https:\/\/rokuageopark.fi\/wp-content\/uploads\/2024\/04\/rokua_geopark-logo.png","contentUrl":"https:\/\/rokuageopark.fi\/wp-content\/uploads\/2024\/04\/rokua_geopark-logo.png","width":697,"height":697,"caption":"Rokua Geopark"},"image":{"@id":"https:\/\/rokuageopark.fi\/en\/#\/schema\/logo\/image\/"}}]}},"_links":{"self":[{"href":"https:\/\/rokuageopark.fi\/en\/wp-json\/wp\/v2\/pages\/2376","targetHints":{"allow":["GET"]}}],"collection":[{"href":"https:\/\/rokuageopark.fi\/en\/wp-json\/wp\/v2\/pages"}],"about":[{"href":"https:\/\/rokuageopark.fi\/en\/wp-json\/wp\/v2\/types\/page"}],"author":[{"embeddable":true,"href":"https:\/\/rokuageopark.fi\/en\/wp-json\/wp\/v2\/users\/5"}],"replies":[{"embeddable":true,"href":"https:\/\/rokuageopark.fi\/en\/wp-json\/wp\/v2\/comments?post=2376"}],"version-history":[{"count":5,"href":"https:\/\/rokuageopark.fi\/en\/wp-json\/wp\/v2\/pages\/2376\/revisions"}],"predecessor-version":[{"id":3445,"href":"https:\/\/rokuageopark.fi\/en\/wp-json\/wp\/v2\/pages\/2376\/revisions\/3445"}],"up":[{"embeddable":true,"href":"https:\/\/rokuageopark.fi\/en\/wp-json\/wp\/v2\/pages\/2281"}],"wp:featuredmedia":[{"embeddable":true,"href":"https:\/\/rokuageopark.fi\/en\/wp-json\/wp\/v2\/media\/1015"}],"wp:attachment":[{"href":"https:\/\/rokuageopark.fi\/en\/wp-json\/wp\/v2\/media?parent=2376"}],"curies":[{"name":"wp","href":"https:\/\/api.w.org\/{rel}","templated":true}]}}