{"id":2344,"date":"2024-04-09T13:31:06","date_gmt":"2024-04-09T13:31:06","guid":{"rendered":"https:\/\/rokuageopark.fi\/?page_id=2344"},"modified":"2024-05-27T07:30:55","modified_gmt":"2024-05-27T07:30:55","slug":"investing-and-working-in-the-rokua-geopark-area","status":"publish","type":"page","link":"https:\/\/rokuageopark.fi\/en\/humanpolis\/investing-and-working-in-the-rokua-geopark-area\/","title":{"rendered":"Investing and working in the Rokua Geopark area"},"content":{"rendered":"","protected":false},"excerpt":{"rendered":"<p> [&#8230;]<\/p>\n<p><a class=\"btn btn-secondary understrap-read-more-link\" href=\"https:\/\/rokuageopark.fi\/en\/humanpolis\/investing-and-working-in-the-rokua-geopark-area\/\">Read More&#8230;<span class=\"screen-reader-text\"> from Investing and working in the Rokua Geopark area<\/span><\/a><\/p>\n","protected":false},"author":5,"featured_media":764,"parent":2322,"menu_order":0,"comment_status":"closed","ping_status":"closed","template":"","meta":{"_acf_changed":false,"inline_featured_image":false,"footnotes":""},"class_list":["post-2344","page","type-page","status-publish","has-post-thumbnail","hentry"],"acf":[],"yoast_head":"<!-- This site is optimized with the Yoast SEO plugin v27.3 - https:\/\/yoast.com\/product\/yoast-seo-wordpress\/ -->\n<title>Investing and working in the Rokua Geopark area - Rokua Geopark<\/title>\n<meta name=\"description\" content=\"Settle in the vibrant Oulujoki River Valley in Muhos, Utaj\u00e4rvi or Vaala! Find office space, land or a job within easy reach of Oulu and Kajaani.\" \/>\n<meta name=\"robots\" content=\"index, follow, max-snippet:-1, max-image-preview:large, max-video-preview:-1\" \/>\n<link rel=\"canonical\" href=\"https:\/\/rokuageopark.fi\/en\/humanpolis\/investing-and-working-in-the-rokua-geopark-area\/\" \/>\n<meta property=\"og:locale\" content=\"en_US\" \/>\n<meta property=\"og:type\" content=\"article\" \/>\n<meta property=\"og:title\" content=\"Investing and working in the Rokua Geopark area - Rokua Geopark\" \/>\n<meta property=\"og:description\" content=\"Settle in the vibrant Oulujoki River Valley in Muhos, Utaj\u00e4rvi or Vaala! Find office space, land or a job within easy reach of Oulu and Kajaani.\" \/>\n<meta property=\"og:url\" content=\"https:\/\/rokuageopark.fi\/en\/humanpolis\/investing-and-working-in-the-rokua-geopark-area\/\" \/>\n<meta property=\"og:site_name\" content=\"Rokua Geopark\" \/>\n<meta property=\"article:modified_time\" content=\"2024-05-27T07:30:55+00:00\" \/>\n<meta property=\"og:image\" content=\"https:\/\/rokuageopark.fi\/wp-content\/uploads\/2024\/03\/Oulujoki_Utajarvi_Utasen-voimalaitos_MikkoKiuttu-scaled.jpg\" \/>\n\t<meta property=\"og:image:width\" content=\"2560\" \/>\n\t<meta property=\"og:image:height\" content=\"1708\" \/>\n\t<meta property=\"og:image:type\" content=\"image\/jpeg\" \/>\n<meta name=\"twitter:card\" content=\"summary_large_image\" \/>\n<meta name=\"twitter:label1\" content=\"Est. reading time\" \/>\n\t<meta name=\"twitter:data1\" content=\"3 minutes\" \/>\n<script type=\"application\/ld+json\" class=\"yoast-schema-graph\">{\"@context\":\"https:\\\/\\\/schema.org\",\"@graph\":[{\"@type\":\"WebPage\",\"@id\":\"https:\\\/\\\/rokuageopark.fi\\\/en\\\/humanpolis\\\/investing-and-working-in-the-rokua-geopark-area\\\/\",\"url\":\"https:\\\/\\\/rokuageopark.fi\\\/en\\\/humanpolis\\\/investing-and-working-in-the-rokua-geopark-area\\\/\",\"name\":\"Investing and working in the Rokua Geopark area - Rokua Geopark\",\"isPartOf\":{\"@id\":\"https:\\\/\\\/rokuageopark.fi\\\/en\\\/#website\"},\"primaryImageOfPage\":{\"@id\":\"https:\\\/\\\/rokuageopark.fi\\\/en\\\/humanpolis\\\/investing-and-working-in-the-rokua-geopark-area\\\/#primaryimage\"},\"image\":{\"@id\":\"https:\\\/\\\/rokuageopark.fi\\\/en\\\/humanpolis\\\/investing-and-working-in-the-rokua-geopark-area\\\/#primaryimage\"},\"thumbnailUrl\":\"https:\\\/\\\/rokuageopark.fi\\\/wp-content\\\/uploads\\\/2024\\\/03\\\/RokuaGeopark-KotaCollectivePhoto-5287-1-scaled.jpg\",\"datePublished\":\"2024-04-09T13:31:06+00:00\",\"dateModified\":\"2024-05-27T07:30:55+00:00\",\"description\":\"Settle in the vibrant Oulujoki River Valley in Muhos, Utaj\u00e4rvi or Vaala! Find office space, land or a job within easy reach of Oulu and Kajaani.\",\"breadcrumb\":{\"@id\":\"https:\\\/\\\/rokuageopark.fi\\\/en\\\/humanpolis\\\/investing-and-working-in-the-rokua-geopark-area\\\/#breadcrumb\"},\"inLanguage\":\"en-US\",\"potentialAction\":[{\"@type\":\"ReadAction\",\"target\":[\"https:\\\/\\\/rokuageopark.fi\\\/en\\\/humanpolis\\\/investing-and-working-in-the-rokua-geopark-area\\\/\"]}]},{\"@type\":\"ImageObject\",\"inLanguage\":\"en-US\",\"@id\":\"https:\\\/\\\/rokuageopark.fi\\\/en\\\/humanpolis\\\/investing-and-working-in-the-rokua-geopark-area\\\/#primaryimage\",\"url\":\"https:\\\/\\\/rokuageopark.fi\\\/wp-content\\\/uploads\\\/2024\\\/03\\\/RokuaGeopark-KotaCollectivePhoto-5287-1-scaled.jpg\",\"contentUrl\":\"https:\\\/\\\/rokuageopark.fi\\\/wp-content\\\/uploads\\\/2024\\\/03\\\/RokuaGeopark-KotaCollectivePhoto-5287-1-scaled.jpg\",\"width\":2560,\"height\":1707,\"caption\":\"Melontaa auringonlaskussa Oulujokilaaksossa\"},{\"@type\":\"BreadcrumbList\",\"@id\":\"https:\\\/\\\/rokuageopark.fi\\\/en\\\/humanpolis\\\/investing-and-working-in-the-rokua-geopark-area\\\/#breadcrumb\",\"itemListElement\":[{\"@type\":\"ListItem\",\"position\":1,\"name\":\"Humanpolis\",\"item\":\"https:\\\/\\\/rokuageopark.fi\\\/en\\\/humanpolis\\\/\"},{\"@type\":\"ListItem\",\"position\":2,\"name\":\"Investing and working in the Rokua Geopark area\"}]},{\"@type\":\"WebSite\",\"@id\":\"https:\\\/\\\/rokuageopark.fi\\\/en\\\/#website\",\"url\":\"https:\\\/\\\/rokuageopark.fi\\\/en\\\/\",\"name\":\"Rokua Geopark\",\"description\":\"Tervetuloa l\u00f6yt\u00f6retkelle\\u2028j\u00e4\u00e4kauden j\u00e4ljille\",\"publisher\":{\"@id\":\"https:\\\/\\\/rokuageopark.fi\\\/en\\\/#organization\"},\"potentialAction\":[{\"@type\":\"SearchAction\",\"target\":{\"@type\":\"EntryPoint\",\"urlTemplate\":\"https:\\\/\\\/rokuageopark.fi\\\/en\\\/?s={search_term_string}\"},\"query-input\":{\"@type\":\"PropertyValueSpecification\",\"valueRequired\":true,\"valueName\":\"search_term_string\"}}],\"inLanguage\":\"en-US\"},{\"@type\":\"Organization\",\"@id\":\"https:\\\/\\\/rokuageopark.fi\\\/en\\\/#organization\",\"name\":\"Rokua Geopark\",\"url\":\"https:\\\/\\\/rokuageopark.fi\\\/en\\\/\",\"logo\":{\"@type\":\"ImageObject\",\"inLanguage\":\"en-US\",\"@id\":\"https:\\\/\\\/rokuageopark.fi\\\/en\\\/#\\\/schema\\\/logo\\\/image\\\/\",\"url\":\"https:\\\/\\\/rokuageopark.fi\\\/wp-content\\\/uploads\\\/2024\\\/04\\\/rokua_geopark-logo.png\",\"contentUrl\":\"https:\\\/\\\/rokuageopark.fi\\\/wp-content\\\/uploads\\\/2024\\\/04\\\/rokua_geopark-logo.png\",\"width\":697,\"height\":697,\"caption\":\"Rokua Geopark\"},\"image\":{\"@id\":\"https:\\\/\\\/rokuageopark.fi\\\/en\\\/#\\\/schema\\\/logo\\\/image\\\/\"}}]}<\/script>\n<!-- \/ Yoast SEO plugin. -->","yoast_head_json":{"title":"Investing and working in the Rokua Geopark area - Rokua Geopark","description":"Settle in the vibrant Oulujoki River Valley in Muhos, Utaj\u00e4rvi or Vaala! Find office space, land or a job within easy reach of Oulu and Kajaani.","robots":{"index":"index","follow":"follow","max-snippet":"max-snippet:-1","max-image-preview":"max-image-preview:large","max-video-preview":"max-video-preview:-1"},"canonical":"https:\/\/rokuageopark.fi\/en\/humanpolis\/investing-and-working-in-the-rokua-geopark-area\/","og_locale":"en_US","og_type":"article","og_title":"Investing and working in the Rokua Geopark area - Rokua Geopark","og_description":"Settle in the vibrant Oulujoki River Valley in Muhos, Utaj\u00e4rvi or Vaala! Find office space, land or a job within easy reach of Oulu and Kajaani.","og_url":"https:\/\/rokuageopark.fi\/en\/humanpolis\/investing-and-working-in-the-rokua-geopark-area\/","og_site_name":"Rokua Geopark","article_modified_time":"2024-05-27T07:30:55+00:00","og_image":[{"width":2560,"height":1708,"url":"https:\/\/rokuageopark.fi\/wp-content\/uploads\/2024\/03\/Oulujoki_Utajarvi_Utasen-voimalaitos_MikkoKiuttu-scaled.jpg","type":"image\/jpeg"}],"twitter_card":"summary_large_image","twitter_misc":{"Est. reading time":"3 minutes"},"schema":{"@context":"https:\/\/schema.org","@graph":[{"@type":"WebPage","@id":"https:\/\/rokuageopark.fi\/en\/humanpolis\/investing-and-working-in-the-rokua-geopark-area\/","url":"https:\/\/rokuageopark.fi\/en\/humanpolis\/investing-and-working-in-the-rokua-geopark-area\/","name":"Investing and working in the Rokua Geopark area - Rokua Geopark","isPartOf":{"@id":"https:\/\/rokuageopark.fi\/en\/#website"},"primaryImageOfPage":{"@id":"https:\/\/rokuageopark.fi\/en\/humanpolis\/investing-and-working-in-the-rokua-geopark-area\/#primaryimage"},"image":{"@id":"https:\/\/rokuageopark.fi\/en\/humanpolis\/investing-and-working-in-the-rokua-geopark-area\/#primaryimage"},"thumbnailUrl":"https:\/\/rokuageopark.fi\/wp-content\/uploads\/2024\/03\/RokuaGeopark-KotaCollectivePhoto-5287-1-scaled.jpg","datePublished":"2024-04-09T13:31:06+00:00","dateModified":"2024-05-27T07:30:55+00:00","description":"Settle in the vibrant Oulujoki River Valley in Muhos, Utaj\u00e4rvi or Vaala! Find office space, land or a job within easy reach of Oulu and Kajaani.","breadcrumb":{"@id":"https:\/\/rokuageopark.fi\/en\/humanpolis\/investing-and-working-in-the-rokua-geopark-area\/#breadcrumb"},"inLanguage":"en-US","potentialAction":[{"@type":"ReadAction","target":["https:\/\/rokuageopark.fi\/en\/humanpolis\/investing-and-working-in-the-rokua-geopark-area\/"]}]},{"@type":"ImageObject","inLanguage":"en-US","@id":"https:\/\/rokuageopark.fi\/en\/humanpolis\/investing-and-working-in-the-rokua-geopark-area\/#primaryimage","url":"https:\/\/rokuageopark.fi\/wp-content\/uploads\/2024\/03\/RokuaGeopark-KotaCollectivePhoto-5287-1-scaled.jpg","contentUrl":"https:\/\/rokuageopark.fi\/wp-content\/uploads\/2024\/03\/RokuaGeopark-KotaCollectivePhoto-5287-1-scaled.jpg","width":2560,"height":1707,"caption":"Melontaa auringonlaskussa Oulujokilaaksossa"},{"@type":"BreadcrumbList","@id":"https:\/\/rokuageopark.fi\/en\/humanpolis\/investing-and-working-in-the-rokua-geopark-area\/#breadcrumb","itemListElement":[{"@type":"ListItem","position":1,"name":"Humanpolis","item":"https:\/\/rokuageopark.fi\/en\/humanpolis\/"},{"@type":"ListItem","position":2,"name":"Investing and working in the Rokua Geopark area"}]},{"@type":"WebSite","@id":"https:\/\/rokuageopark.fi\/en\/#website","url":"https:\/\/rokuageopark.fi\/en\/","name":"Rokua Geopark","description":"Tervetuloa l\u00f6yt\u00f6retkelle\u2028j\u00e4\u00e4kauden j\u00e4ljille","publisher":{"@id":"https:\/\/rokuageopark.fi\/en\/#organization"},"potentialAction":[{"@type":"SearchAction","target":{"@type":"EntryPoint","urlTemplate":"https:\/\/rokuageopark.fi\/en\/?s={search_term_string}"},"query-input":{"@type":"PropertyValueSpecification","valueRequired":true,"valueName":"search_term_string"}}],"inLanguage":"en-US"},{"@type":"Organization","@id":"https:\/\/rokuageopark.fi\/en\/#organization","name":"Rokua Geopark","url":"https:\/\/rokuageopark.fi\/en\/","logo":{"@type":"ImageObject","inLanguage":"en-US","@id":"https:\/\/rokuageopark.fi\/en\/#\/schema\/logo\/image\/","url":"https:\/\/rokuageopark.fi\/wp-content\/uploads\/2024\/04\/rokua_geopark-logo.png","contentUrl":"https:\/\/rokuageopark.fi\/wp-content\/uploads\/2024\/04\/rokua_geopark-logo.png","width":697,"height":697,"caption":"Rokua Geopark"},"image":{"@id":"https:\/\/rokuageopark.fi\/en\/#\/schema\/logo\/image\/"}}]}},"_links":{"self":[{"href":"https:\/\/rokuageopark.fi\/en\/wp-json\/wp\/v2\/pages\/2344","targetHints":{"allow":["GET"]}}],"collection":[{"href":"https:\/\/rokuageopark.fi\/en\/wp-json\/wp\/v2\/pages"}],"about":[{"href":"https:\/\/rokuageopark.fi\/en\/wp-json\/wp\/v2\/types\/page"}],"author":[{"embeddable":true,"href":"https:\/\/rokuageopark.fi\/en\/wp-json\/wp\/v2\/users\/5"}],"replies":[{"embeddable":true,"href":"https:\/\/rokuageopark.fi\/en\/wp-json\/wp\/v2\/comments?post=2344"}],"version-history":[{"count":2,"href":"https:\/\/rokuageopark.fi\/en\/wp-json\/wp\/v2\/pages\/2344\/revisions"}],"predecessor-version":[{"id":2449,"href":"https:\/\/rokuageopark.fi\/en\/wp-json\/wp\/v2\/pages\/2344\/revisions\/2449"}],"up":[{"embeddable":true,"href":"https:\/\/rokuageopark.fi\/en\/wp-json\/wp\/v2\/pages\/2322"}],"wp:featuredmedia":[{"embeddable":true,"href":"https:\/\/rokuageopark.fi\/en\/wp-json\/wp\/v2\/media\/764"}],"wp:attachment":[{"href":"https:\/\/rokuageopark.fi\/en\/wp-json\/wp\/v2\/media?parent=2344"}],"curies":[{"name":"wp","href":"https:\/\/api.w.org\/{rel}","templated":true}]}}