{"id":2334,"date":"2024-02-14T14:01:37","date_gmt":"2024-02-14T14:01:37","guid":{"rendered":"https:\/\/rokuageopark.fi\/?page_id=2334"},"modified":"2025-06-14T16:33:22","modified_gmt":"2025-06-14T16:33:22","slug":"rokua-geopark","status":"publish","type":"page","link":"https:\/\/rokuageopark.fi\/en\/","title":{"rendered":"Rokua Geopark"},"content":{"rendered":"","protected":false},"excerpt":{"rendered":"<p> [&#8230;]<\/p>\n<p><a class=\"btn btn-secondary understrap-read-more-link\" href=\"https:\/\/rokuageopark.fi\/en\/\">Read More&#8230;<span class=\"screen-reader-text\"> from Rokua Geopark<\/span><\/a><\/p>\n","protected":false},"author":5,"featured_media":12,"parent":0,"menu_order":0,"comment_status":"closed","ping_status":"closed","template":"","meta":{"_acf_changed":false,"inline_featured_image":false,"footnotes":""},"class_list":["post-2334","page","type-page","status-publish","has-post-thumbnail","hentry"],"acf":[],"yoast_head":"<!-- This site is optimized with the Yoast SEO plugin v27.3 - https:\/\/yoast.com\/product\/yoast-seo-wordpress\/ -->\n<title>Rokua UNESCO Global Geopark - Rokua Geopark<\/title>\n<meta name=\"description\" content=\"Rokua Geopark is Finland&#039;s first UNESCO Global Geopark. Visit us and take a journey through landscapes shaped by the Ice Age!\" \/>\n<meta name=\"robots\" content=\"index, follow, max-snippet:-1, max-image-preview:large, max-video-preview:-1\" \/>\n<link rel=\"canonical\" href=\"https:\/\/rokuageopark.fi\/en\/\" \/>\n<meta property=\"og:locale\" content=\"en_US\" \/>\n<meta property=\"og:type\" content=\"article\" \/>\n<meta property=\"og:title\" content=\"Rokua UNESCO Global Geopark - Rokua Geopark\" \/>\n<meta property=\"og:description\" content=\"Rokua Geopark is Finland&#039;s first UNESCO Global Geopark. Visit us and take a journey through landscapes shaped by the Ice Age!\" \/>\n<meta property=\"og:url\" content=\"https:\/\/rokuageopark.fi\/en\/\" \/>\n<meta property=\"og:site_name\" content=\"Rokua Geopark\" \/>\n<meta property=\"article:modified_time\" content=\"2025-06-14T16:33:22+00:00\" \/>\n<meta property=\"og:image\" content=\"https:\/\/rokuageopark.fi\/wp-content\/uploads\/2024\/02\/RokuaGeopark_patikointia_Tervareitistolla-copy-1024x683.jpg\" \/>\n<meta name=\"twitter:card\" content=\"summary_large_image\" \/>\n<meta name=\"twitter:label1\" content=\"Est. reading time\" \/>\n\t<meta name=\"twitter:data1\" content=\"7 minutes\" \/>\n<script type=\"application\/ld+json\" class=\"yoast-schema-graph\">{\"@context\":\"https:\\\/\\\/schema.org\",\"@graph\":[{\"@type\":\"WebPage\",\"@id\":\"https:\\\/\\\/rokuageopark.fi\\\/en\\\/\",\"url\":\"https:\\\/\\\/rokuageopark.fi\\\/en\\\/\",\"name\":\"Rokua UNESCO Global Geopark - Rokua Geopark\",\"isPartOf\":{\"@id\":\"https:\\\/\\\/rokuageopark.fi\\\/en\\\/#website\"},\"primaryImageOfPage\":{\"@id\":\"https:\\\/\\\/rokuageopark.fi\\\/en\\\/#primaryimage\"},\"image\":{\"@id\":\"https:\\\/\\\/rokuageopark.fi\\\/en\\\/#primaryimage\"},\"thumbnailUrl\":\"https:\\\/\\\/rokuageopark.fi\\\/wp-content\\\/uploads\\\/2024\\\/02\\\/RokuaGeopark_patikointia_Tervareitistolla-copy.jpg\",\"datePublished\":\"2024-02-14T14:01:37+00:00\",\"dateModified\":\"2025-06-14T16:33:22+00:00\",\"description\":\"Rokua Geopark is Finland's first UNESCO Global Geopark. Visit us and take a journey through landscapes shaped by the Ice Age!\",\"inLanguage\":\"en-US\",\"potentialAction\":[{\"@type\":\"ReadAction\",\"target\":[\"https:\\\/\\\/rokuageopark.fi\\\/en\\\/\"]}]},{\"@type\":\"ImageObject\",\"inLanguage\":\"en-US\",\"@id\":\"https:\\\/\\\/rokuageopark.fi\\\/en\\\/#primaryimage\",\"url\":\"https:\\\/\\\/rokuageopark.fi\\\/wp-content\\\/uploads\\\/2024\\\/02\\\/RokuaGeopark_patikointia_Tervareitistolla-copy.jpg\",\"contentUrl\":\"https:\\\/\\\/rokuageopark.fi\\\/wp-content\\\/uploads\\\/2024\\\/02\\\/RokuaGeopark_patikointia_Tervareitistolla-copy.jpg\",\"width\":2500,\"height\":1667,\"caption\":\"Patikointia Tervareitisto\u0308lla\u0308\"},{\"@type\":\"WebSite\",\"@id\":\"https:\\\/\\\/rokuageopark.fi\\\/en\\\/#website\",\"url\":\"https:\\\/\\\/rokuageopark.fi\\\/en\\\/\",\"name\":\"Rokua Geopark\",\"description\":\"Tervetuloa l\u00f6yt\u00f6retkelle\\u2028j\u00e4\u00e4kauden j\u00e4ljille\",\"publisher\":{\"@id\":\"https:\\\/\\\/rokuageopark.fi\\\/en\\\/#organization\"},\"potentialAction\":[{\"@type\":\"SearchAction\",\"target\":{\"@type\":\"EntryPoint\",\"urlTemplate\":\"https:\\\/\\\/rokuageopark.fi\\\/en\\\/?s={search_term_string}\"},\"query-input\":{\"@type\":\"PropertyValueSpecification\",\"valueRequired\":true,\"valueName\":\"search_term_string\"}}],\"inLanguage\":\"en-US\"},{\"@type\":\"Organization\",\"@id\":\"https:\\\/\\\/rokuageopark.fi\\\/en\\\/#organization\",\"name\":\"Rokua Geopark\",\"url\":\"https:\\\/\\\/rokuageopark.fi\\\/en\\\/\",\"logo\":{\"@type\":\"ImageObject\",\"inLanguage\":\"en-US\",\"@id\":\"https:\\\/\\\/rokuageopark.fi\\\/en\\\/#\\\/schema\\\/logo\\\/image\\\/\",\"url\":\"https:\\\/\\\/rokuageopark.fi\\\/wp-content\\\/uploads\\\/2024\\\/04\\\/rokua_geopark-logo.png\",\"contentUrl\":\"https:\\\/\\\/rokuageopark.fi\\\/wp-content\\\/uploads\\\/2024\\\/04\\\/rokua_geopark-logo.png\",\"width\":697,\"height\":697,\"caption\":\"Rokua Geopark\"},\"image\":{\"@id\":\"https:\\\/\\\/rokuageopark.fi\\\/en\\\/#\\\/schema\\\/logo\\\/image\\\/\"}}]}<\/script>\n<!-- \/ Yoast SEO plugin. -->","yoast_head_json":{"title":"Rokua UNESCO Global Geopark - Rokua Geopark","description":"Rokua Geopark is Finland's first UNESCO Global Geopark. Visit us and take a journey through landscapes shaped by the Ice Age!","robots":{"index":"index","follow":"follow","max-snippet":"max-snippet:-1","max-image-preview":"max-image-preview:large","max-video-preview":"max-video-preview:-1"},"canonical":"https:\/\/rokuageopark.fi\/en\/","og_locale":"en_US","og_type":"article","og_title":"Rokua UNESCO Global Geopark - Rokua Geopark","og_description":"Rokua Geopark is Finland's first UNESCO Global Geopark. Visit us and take a journey through landscapes shaped by the Ice Age!","og_url":"https:\/\/rokuageopark.fi\/en\/","og_site_name":"Rokua Geopark","article_modified_time":"2025-06-14T16:33:22+00:00","og_image":[{"url":"https:\/\/rokuageopark.fi\/wp-content\/uploads\/2024\/02\/RokuaGeopark_patikointia_Tervareitistolla-copy-1024x683.jpg","type":"","width":"","height":""}],"twitter_card":"summary_large_image","twitter_misc":{"Est. reading time":"7 minutes"},"schema":{"@context":"https:\/\/schema.org","@graph":[{"@type":"WebPage","@id":"https:\/\/rokuageopark.fi\/en\/","url":"https:\/\/rokuageopark.fi\/en\/","name":"Rokua UNESCO Global Geopark - Rokua Geopark","isPartOf":{"@id":"https:\/\/rokuageopark.fi\/en\/#website"},"primaryImageOfPage":{"@id":"https:\/\/rokuageopark.fi\/en\/#primaryimage"},"image":{"@id":"https:\/\/rokuageopark.fi\/en\/#primaryimage"},"thumbnailUrl":"https:\/\/rokuageopark.fi\/wp-content\/uploads\/2024\/02\/RokuaGeopark_patikointia_Tervareitistolla-copy.jpg","datePublished":"2024-02-14T14:01:37+00:00","dateModified":"2025-06-14T16:33:22+00:00","description":"Rokua Geopark is Finland's first UNESCO Global Geopark. Visit us and take a journey through landscapes shaped by the Ice Age!","inLanguage":"en-US","potentialAction":[{"@type":"ReadAction","target":["https:\/\/rokuageopark.fi\/en\/"]}]},{"@type":"ImageObject","inLanguage":"en-US","@id":"https:\/\/rokuageopark.fi\/en\/#primaryimage","url":"https:\/\/rokuageopark.fi\/wp-content\/uploads\/2024\/02\/RokuaGeopark_patikointia_Tervareitistolla-copy.jpg","contentUrl":"https:\/\/rokuageopark.fi\/wp-content\/uploads\/2024\/02\/RokuaGeopark_patikointia_Tervareitistolla-copy.jpg","width":2500,"height":1667,"caption":"Patikointia Tervareitisto\u0308lla\u0308"},{"@type":"WebSite","@id":"https:\/\/rokuageopark.fi\/en\/#website","url":"https:\/\/rokuageopark.fi\/en\/","name":"Rokua Geopark","description":"Tervetuloa l\u00f6yt\u00f6retkelle\u2028j\u00e4\u00e4kauden j\u00e4ljille","publisher":{"@id":"https:\/\/rokuageopark.fi\/en\/#organization"},"potentialAction":[{"@type":"SearchAction","target":{"@type":"EntryPoint","urlTemplate":"https:\/\/rokuageopark.fi\/en\/?s={search_term_string}"},"query-input":{"@type":"PropertyValueSpecification","valueRequired":true,"valueName":"search_term_string"}}],"inLanguage":"en-US"},{"@type":"Organization","@id":"https:\/\/rokuageopark.fi\/en\/#organization","name":"Rokua Geopark","url":"https:\/\/rokuageopark.fi\/en\/","logo":{"@type":"ImageObject","inLanguage":"en-US","@id":"https:\/\/rokuageopark.fi\/en\/#\/schema\/logo\/image\/","url":"https:\/\/rokuageopark.fi\/wp-content\/uploads\/2024\/04\/rokua_geopark-logo.png","contentUrl":"https:\/\/rokuageopark.fi\/wp-content\/uploads\/2024\/04\/rokua_geopark-logo.png","width":697,"height":697,"caption":"Rokua Geopark"},"image":{"@id":"https:\/\/rokuageopark.fi\/en\/#\/schema\/logo\/image\/"}}]}},"_links":{"self":[{"href":"https:\/\/rokuageopark.fi\/en\/wp-json\/wp\/v2\/pages\/2334","targetHints":{"allow":["GET"]}}],"collection":[{"href":"https:\/\/rokuageopark.fi\/en\/wp-json\/wp\/v2\/pages"}],"about":[{"href":"https:\/\/rokuageopark.fi\/en\/wp-json\/wp\/v2\/types\/page"}],"author":[{"embeddable":true,"href":"https:\/\/rokuageopark.fi\/en\/wp-json\/wp\/v2\/users\/5"}],"replies":[{"embeddable":true,"href":"https:\/\/rokuageopark.fi\/en\/wp-json\/wp\/v2\/comments?post=2334"}],"version-history":[{"count":50,"href":"https:\/\/rokuageopark.fi\/en\/wp-json\/wp\/v2\/pages\/2334\/revisions"}],"predecessor-version":[{"id":4339,"href":"https:\/\/rokuageopark.fi\/en\/wp-json\/wp\/v2\/pages\/2334\/revisions\/4339"}],"wp:featuredmedia":[{"embeddable":true,"href":"https:\/\/rokuageopark.fi\/en\/wp-json\/wp\/v2\/media\/12"}],"wp:attachment":[{"href":"https:\/\/rokuageopark.fi\/en\/wp-json\/wp\/v2\/media?parent=2334"}],"curies":[{"name":"wp","href":"https:\/\/api.w.org\/{rel}","templated":true}]}}