{"id":3971,"date":"2024-02-20T08:25:34","date_gmt":"2024-02-20T08:25:34","guid":{"rendered":"https:\/\/rokuageopark.fi\/nae-ja-koe\/"},"modified":"2025-09-18T12:31:56","modified_gmt":"2025-09-18T12:31:56","slug":"sehen-und-erleben","status":"publish","type":"page","link":"https:\/\/rokuageopark.fi\/de\/sehen-und-erleben\/","title":{"rendered":"Sehen und erleben"},"content":{"rendered":"","protected":false},"excerpt":{"rendered":"<p> [&#8230;]<\/p>\n<p><a class=\"btn btn-secondary understrap-read-more-link\" href=\"https:\/\/rokuageopark.fi\/de\/sehen-und-erleben\/\">Weiterlesen\u00a0\u2026<span class=\"screen-reader-text\"> from Sehen und erleben<\/span><\/a><\/p>\n","protected":false},"author":5,"featured_media":3893,"parent":0,"menu_order":0,"comment_status":"closed","ping_status":"closed","template":"","meta":{"_acf_changed":false,"inline_featured_image":false,"footnotes":""},"class_list":["post-3971","page","type-page","status-publish","has-post-thumbnail","hentry"],"acf":[],"yoast_head":"<!-- This site is optimized with the Yoast SEO plugin v27.3 - https:\/\/yoast.com\/product\/yoast-seo-wordpress\/ -->\n<title>Aktivit\u00e4ten und Erlebnisse im Rokua Geopark<\/title>\n<meta name=\"description\" content=\"Aktivit\u00e4ten und Erlebnisse im Rokua Geopark \u2013 Wanderwege, Naturziele, geologische Wunder und familienfreundliche Erlebnisse.\" \/>\n<meta name=\"robots\" content=\"index, follow, max-snippet:-1, max-image-preview:large, max-video-preview:-1\" \/>\n<link rel=\"canonical\" href=\"https:\/\/rokuageopark.fi\/de\/sehen-und-erleben\/\" \/>\n<meta property=\"og:locale\" content=\"de_DE\" \/>\n<meta property=\"og:type\" content=\"article\" \/>\n<meta property=\"og:title\" content=\"Aktivit\u00e4ten und Erlebnisse im Rokua Geopark\" \/>\n<meta property=\"og:description\" content=\"Aktivit\u00e4ten und Erlebnisse im Rokua Geopark \u2013 Wanderwege, Naturziele, geologische Wunder und familienfreundliche Erlebnisse.\" \/>\n<meta property=\"og:url\" content=\"https:\/\/rokuageopark.fi\/de\/sehen-und-erleben\/\" \/>\n<meta property=\"og:site_name\" content=\"Rokua Geopark\" \/>\n<meta property=\"article:modified_time\" content=\"2025-09-18T12:31:56+00:00\" \/>\n<meta property=\"og:image\" content=\"https:\/\/rokuageopark.fi\/wp-content\/uploads\/2024\/03\/RokuaGeopark-KotaCollectivePhoto-5287-1-1024x683.jpg\" \/>\n<meta name=\"twitter:card\" content=\"summary_large_image\" \/>\n<meta name=\"twitter:label1\" content=\"Gesch\u00e4tzte Lesezeit\" \/>\n\t<meta name=\"twitter:data1\" content=\"4\u00a0Minuten\" \/>\n<script type=\"application\/ld+json\" class=\"yoast-schema-graph\">{\"@context\":\"https:\\\/\\\/schema.org\",\"@graph\":[{\"@type\":\"WebPage\",\"@id\":\"https:\\\/\\\/rokuageopark.fi\\\/de\\\/sehen-und-erleben\\\/\",\"url\":\"https:\\\/\\\/rokuageopark.fi\\\/de\\\/sehen-und-erleben\\\/\",\"name\":\"Aktivit\u00e4ten und Erlebnisse im Rokua Geopark\",\"isPartOf\":{\"@id\":\"https:\\\/\\\/rokuageopark.fi\\\/de\\\/#website\"},\"primaryImageOfPage\":{\"@id\":\"https:\\\/\\\/rokuageopark.fi\\\/de\\\/sehen-und-erleben\\\/#primaryimage\"},\"image\":{\"@id\":\"https:\\\/\\\/rokuageopark.fi\\\/de\\\/sehen-und-erleben\\\/#primaryimage\"},\"thumbnailUrl\":\"https:\\\/\\\/rokuageopark.fi\\\/wp-content\\\/uploads\\\/2024\\\/03\\\/RokuaGeopark-KotaCollectivePhoto-5287-1-scaled.jpg\",\"datePublished\":\"2024-02-20T08:25:34+00:00\",\"dateModified\":\"2025-09-18T12:31:56+00:00\",\"description\":\"Aktivit\u00e4ten und Erlebnisse im Rokua Geopark \u2013 Wanderwege, Naturziele, geologische Wunder und familienfreundliche Erlebnisse.\",\"inLanguage\":\"de\",\"potentialAction\":[{\"@type\":\"ReadAction\",\"target\":[\"https:\\\/\\\/rokuageopark.fi\\\/de\\\/sehen-und-erleben\\\/\"]}]},{\"@type\":\"ImageObject\",\"inLanguage\":\"de\",\"@id\":\"https:\\\/\\\/rokuageopark.fi\\\/de\\\/sehen-und-erleben\\\/#primaryimage\",\"url\":\"https:\\\/\\\/rokuageopark.fi\\\/wp-content\\\/uploads\\\/2024\\\/03\\\/RokuaGeopark-KotaCollectivePhoto-5287-1-scaled.jpg\",\"contentUrl\":\"https:\\\/\\\/rokuageopark.fi\\\/wp-content\\\/uploads\\\/2024\\\/03\\\/RokuaGeopark-KotaCollectivePhoto-5287-1-scaled.jpg\",\"width\":2560,\"height\":1707,\"caption\":\"Melontaa auringonlaskussa Oulujokilaaksossa\"},{\"@type\":\"WebSite\",\"@id\":\"https:\\\/\\\/rokuageopark.fi\\\/de\\\/#website\",\"url\":\"https:\\\/\\\/rokuageopark.fi\\\/de\\\/\",\"name\":\"Rokua Geopark\",\"description\":\"Tervetuloa l\u00f6yt\u00f6retkelle\\u2028j\u00e4\u00e4kauden j\u00e4ljille\",\"publisher\":{\"@id\":\"https:\\\/\\\/rokuageopark.fi\\\/de\\\/#organization\"},\"potentialAction\":[{\"@type\":\"SearchAction\",\"target\":{\"@type\":\"EntryPoint\",\"urlTemplate\":\"https:\\\/\\\/rokuageopark.fi\\\/de\\\/?s={search_term_string}\"},\"query-input\":{\"@type\":\"PropertyValueSpecification\",\"valueRequired\":true,\"valueName\":\"search_term_string\"}}],\"inLanguage\":\"de\"},{\"@type\":\"Organization\",\"@id\":\"https:\\\/\\\/rokuageopark.fi\\\/de\\\/#organization\",\"name\":\"Rokua Geopark\",\"url\":\"https:\\\/\\\/rokuageopark.fi\\\/de\\\/\",\"logo\":{\"@type\":\"ImageObject\",\"inLanguage\":\"de\",\"@id\":\"https:\\\/\\\/rokuageopark.fi\\\/de\\\/#\\\/schema\\\/logo\\\/image\\\/\",\"url\":\"https:\\\/\\\/rokuageopark.fi\\\/wp-content\\\/uploads\\\/2024\\\/04\\\/rokua_geopark-logo.png\",\"contentUrl\":\"https:\\\/\\\/rokuageopark.fi\\\/wp-content\\\/uploads\\\/2024\\\/04\\\/rokua_geopark-logo.png\",\"width\":697,\"height\":697,\"caption\":\"Rokua Geopark\"},\"image\":{\"@id\":\"https:\\\/\\\/rokuageopark.fi\\\/de\\\/#\\\/schema\\\/logo\\\/image\\\/\"}}]}<\/script>\n<!-- \/ Yoast SEO plugin. -->","yoast_head_json":{"title":"Aktivit\u00e4ten und Erlebnisse im Rokua Geopark","description":"Aktivit\u00e4ten und Erlebnisse im Rokua Geopark \u2013 Wanderwege, Naturziele, geologische Wunder und familienfreundliche Erlebnisse.","robots":{"index":"index","follow":"follow","max-snippet":"max-snippet:-1","max-image-preview":"max-image-preview:large","max-video-preview":"max-video-preview:-1"},"canonical":"https:\/\/rokuageopark.fi\/de\/sehen-und-erleben\/","og_locale":"de_DE","og_type":"article","og_title":"Aktivit\u00e4ten und Erlebnisse im Rokua Geopark","og_description":"Aktivit\u00e4ten und Erlebnisse im Rokua Geopark \u2013 Wanderwege, Naturziele, geologische Wunder und familienfreundliche Erlebnisse.","og_url":"https:\/\/rokuageopark.fi\/de\/sehen-und-erleben\/","og_site_name":"Rokua Geopark","article_modified_time":"2025-09-18T12:31:56+00:00","og_image":[{"url":"https:\/\/rokuageopark.fi\/wp-content\/uploads\/2024\/03\/RokuaGeopark-KotaCollectivePhoto-5287-1-1024x683.jpg","type":"","width":"","height":""}],"twitter_card":"summary_large_image","twitter_misc":{"Gesch\u00e4tzte Lesezeit":"4\u00a0Minuten"},"schema":{"@context":"https:\/\/schema.org","@graph":[{"@type":"WebPage","@id":"https:\/\/rokuageopark.fi\/de\/sehen-und-erleben\/","url":"https:\/\/rokuageopark.fi\/de\/sehen-und-erleben\/","name":"Aktivit\u00e4ten und Erlebnisse im Rokua Geopark","isPartOf":{"@id":"https:\/\/rokuageopark.fi\/de\/#website"},"primaryImageOfPage":{"@id":"https:\/\/rokuageopark.fi\/de\/sehen-und-erleben\/#primaryimage"},"image":{"@id":"https:\/\/rokuageopark.fi\/de\/sehen-und-erleben\/#primaryimage"},"thumbnailUrl":"https:\/\/rokuageopark.fi\/wp-content\/uploads\/2024\/03\/RokuaGeopark-KotaCollectivePhoto-5287-1-scaled.jpg","datePublished":"2024-02-20T08:25:34+00:00","dateModified":"2025-09-18T12:31:56+00:00","description":"Aktivit\u00e4ten und Erlebnisse im Rokua Geopark \u2013 Wanderwege, Naturziele, geologische Wunder und familienfreundliche Erlebnisse.","inLanguage":"de","potentialAction":[{"@type":"ReadAction","target":["https:\/\/rokuageopark.fi\/de\/sehen-und-erleben\/"]}]},{"@type":"ImageObject","inLanguage":"de","@id":"https:\/\/rokuageopark.fi\/de\/sehen-und-erleben\/#primaryimage","url":"https:\/\/rokuageopark.fi\/wp-content\/uploads\/2024\/03\/RokuaGeopark-KotaCollectivePhoto-5287-1-scaled.jpg","contentUrl":"https:\/\/rokuageopark.fi\/wp-content\/uploads\/2024\/03\/RokuaGeopark-KotaCollectivePhoto-5287-1-scaled.jpg","width":2560,"height":1707,"caption":"Melontaa auringonlaskussa Oulujokilaaksossa"},{"@type":"WebSite","@id":"https:\/\/rokuageopark.fi\/de\/#website","url":"https:\/\/rokuageopark.fi\/de\/","name":"Rokua Geopark","description":"Tervetuloa l\u00f6yt\u00f6retkelle\u2028j\u00e4\u00e4kauden j\u00e4ljille","publisher":{"@id":"https:\/\/rokuageopark.fi\/de\/#organization"},"potentialAction":[{"@type":"SearchAction","target":{"@type":"EntryPoint","urlTemplate":"https:\/\/rokuageopark.fi\/de\/?s={search_term_string}"},"query-input":{"@type":"PropertyValueSpecification","valueRequired":true,"valueName":"search_term_string"}}],"inLanguage":"de"},{"@type":"Organization","@id":"https:\/\/rokuageopark.fi\/de\/#organization","name":"Rokua Geopark","url":"https:\/\/rokuageopark.fi\/de\/","logo":{"@type":"ImageObject","inLanguage":"de","@id":"https:\/\/rokuageopark.fi\/de\/#\/schema\/logo\/image\/","url":"https:\/\/rokuageopark.fi\/wp-content\/uploads\/2024\/04\/rokua_geopark-logo.png","contentUrl":"https:\/\/rokuageopark.fi\/wp-content\/uploads\/2024\/04\/rokua_geopark-logo.png","width":697,"height":697,"caption":"Rokua Geopark"},"image":{"@id":"https:\/\/rokuageopark.fi\/de\/#\/schema\/logo\/image\/"}}]}},"_links":{"self":[{"href":"https:\/\/rokuageopark.fi\/de\/wp-json\/wp\/v2\/pages\/3971","targetHints":{"allow":["GET"]}}],"collection":[{"href":"https:\/\/rokuageopark.fi\/de\/wp-json\/wp\/v2\/pages"}],"about":[{"href":"https:\/\/rokuageopark.fi\/de\/wp-json\/wp\/v2\/types\/page"}],"author":[{"embeddable":true,"href":"https:\/\/rokuageopark.fi\/de\/wp-json\/wp\/v2\/users\/5"}],"replies":[{"embeddable":true,"href":"https:\/\/rokuageopark.fi\/de\/wp-json\/wp\/v2\/comments?post=3971"}],"version-history":[{"count":4,"href":"https:\/\/rokuageopark.fi\/de\/wp-json\/wp\/v2\/pages\/3971\/revisions"}],"predecessor-version":[{"id":5121,"href":"https:\/\/rokuageopark.fi\/de\/wp-json\/wp\/v2\/pages\/3971\/revisions\/5121"}],"wp:featuredmedia":[{"embeddable":true,"href":"https:\/\/rokuageopark.fi\/de\/wp-json\/wp\/v2\/media\/3893"}],"wp:attachment":[{"href":"https:\/\/rokuageopark.fi\/de\/wp-json\/wp\/v2\/media?parent=3971"}],"curies":[{"name":"wp","href":"https:\/\/api.w.org\/{rel}","templated":true}]}}