{"id":3943,"date":"2024-03-13T12:28:51","date_gmt":"2024-03-13T12:28:51","guid":{"rendered":"https:\/\/rokuageopark.fi\/reitit\/"},"modified":"2025-07-16T08:47:14","modified_gmt":"2025-07-16T08:47:14","slug":"routen","status":"publish","type":"page","link":"https:\/\/rokuageopark.fi\/de\/sehen-und-erleben\/routen\/","title":{"rendered":"Routen"},"content":{"rendered":"","protected":false},"excerpt":{"rendered":"<p> [&#8230;]<\/p>\n<p><a class=\"btn btn-secondary understrap-read-more-link\" href=\"https:\/\/rokuageopark.fi\/de\/sehen-und-erleben\/routen\/\">Weiterlesen\u00a0\u2026<span class=\"screen-reader-text\"> from Routen<\/span><\/a><\/p>\n","protected":false},"author":5,"featured_media":3857,"parent":3971,"menu_order":0,"comment_status":"closed","ping_status":"closed","template":"","meta":{"_acf_changed":false,"inline_featured_image":false,"footnotes":""},"class_list":["post-3943","page","type-page","status-publish","has-post-thumbnail","hentry"],"acf":[],"yoast_head":"<!-- This site is optimized with the Yoast SEO plugin v27.3 - https:\/\/yoast.com\/product\/yoast-seo-wordpress\/ -->\n<title>Rokua Geopark Routen \u2013 Wandern und Mountainbiken<\/title>\n<meta name=\"description\" content=\"Die Wege im Rokua Geopark bieten beeindruckende Landschaften und Ausflugsziele. Erkunde Wander- und Mountainbike-Strecken!\" \/>\n<meta name=\"robots\" content=\"index, follow, max-snippet:-1, max-image-preview:large, max-video-preview:-1\" \/>\n<link rel=\"canonical\" href=\"https:\/\/rokuageopark.fi\/de\/sehen-und-erleben\/routen\/\" \/>\n<meta property=\"og:locale\" content=\"de_DE\" \/>\n<meta property=\"og:type\" content=\"article\" \/>\n<meta property=\"og:title\" content=\"Rokua Geopark Routen \u2013 Wandern und Mountainbiken\" \/>\n<meta property=\"og:description\" content=\"Die Wege im Rokua Geopark bieten beeindruckende Landschaften und Ausflugsziele. Erkunde Wander- und Mountainbike-Strecken!\" \/>\n<meta property=\"og:url\" content=\"https:\/\/rokuageopark.fi\/de\/sehen-und-erleben\/routen\/\" \/>\n<meta property=\"og:site_name\" content=\"Rokua Geopark\" \/>\n<meta property=\"article:modified_time\" content=\"2025-07-16T08:47:14+00:00\" \/>\n<meta property=\"og:image\" content=\"https:\/\/rokuageopark.fi\/wp-content\/uploads\/2024\/02\/288-Rokua_Geopark-Rokua-HIRES-2023-HLPfi-1-scaled-e1710846400936.jpg\" \/>\n\t<meta property=\"og:image:width\" content=\"2560\" \/>\n\t<meta property=\"og:image:height\" content=\"1506\" \/>\n\t<meta property=\"og:image:type\" content=\"image\/jpeg\" \/>\n<meta name=\"twitter:card\" content=\"summary_large_image\" \/>\n<meta name=\"twitter:label1\" content=\"Gesch\u00e4tzte Lesezeit\" \/>\n\t<meta name=\"twitter:data1\" content=\"2\u00a0Minuten\" \/>\n<script type=\"application\/ld+json\" class=\"yoast-schema-graph\">{\"@context\":\"https:\\\/\\\/schema.org\",\"@graph\":[{\"@type\":\"WebPage\",\"@id\":\"https:\\\/\\\/rokuageopark.fi\\\/de\\\/sehen-und-erleben\\\/routen\\\/\",\"url\":\"https:\\\/\\\/rokuageopark.fi\\\/de\\\/sehen-und-erleben\\\/routen\\\/\",\"name\":\"Rokua Geopark Routen \u2013 Wandern und Mountainbiken\",\"isPartOf\":{\"@id\":\"https:\\\/\\\/rokuageopark.fi\\\/de\\\/#website\"},\"primaryImageOfPage\":{\"@id\":\"https:\\\/\\\/rokuageopark.fi\\\/de\\\/sehen-und-erleben\\\/routen\\\/#primaryimage\"},\"image\":{\"@id\":\"https:\\\/\\\/rokuageopark.fi\\\/de\\\/sehen-und-erleben\\\/routen\\\/#primaryimage\"},\"thumbnailUrl\":\"https:\\\/\\\/rokuageopark.fi\\\/wp-content\\\/uploads\\\/2024\\\/02\\\/288-Rokua_Geopark-Rokua-HIRES-2023-HLPfi-1-scaled-e1710846400936.jpg\",\"datePublished\":\"2024-03-13T12:28:51+00:00\",\"dateModified\":\"2025-07-16T08:47:14+00:00\",\"description\":\"Die Wege im Rokua Geopark bieten beeindruckende Landschaften und Ausflugsziele. Erkunde Wander- und Mountainbike-Strecken!\",\"inLanguage\":\"de\",\"potentialAction\":[{\"@type\":\"ReadAction\",\"target\":[\"https:\\\/\\\/rokuageopark.fi\\\/de\\\/sehen-und-erleben\\\/routen\\\/\"]}]},{\"@type\":\"ImageObject\",\"inLanguage\":\"de\",\"@id\":\"https:\\\/\\\/rokuageopark.fi\\\/de\\\/sehen-und-erleben\\\/routen\\\/#primaryimage\",\"url\":\"https:\\\/\\\/rokuageopark.fi\\\/wp-content\\\/uploads\\\/2024\\\/02\\\/288-Rokua_Geopark-Rokua-HIRES-2023-HLPfi-1-scaled-e1710846400936.jpg\",\"contentUrl\":\"https:\\\/\\\/rokuageopark.fi\\\/wp-content\\\/uploads\\\/2024\\\/02\\\/288-Rokua_Geopark-Rokua-HIRES-2023-HLPfi-1-scaled-e1710846400936.jpg\",\"width\":2560,\"height\":1506,\"caption\":\"Kaksi nuorta naista hiiht\u00e4\u00e4 talvisessa maisemassa\"},{\"@type\":\"WebSite\",\"@id\":\"https:\\\/\\\/rokuageopark.fi\\\/de\\\/#website\",\"url\":\"https:\\\/\\\/rokuageopark.fi\\\/de\\\/\",\"name\":\"Rokua Geopark\",\"description\":\"Tervetuloa l\u00f6yt\u00f6retkelle\\u2028j\u00e4\u00e4kauden j\u00e4ljille\",\"publisher\":{\"@id\":\"https:\\\/\\\/rokuageopark.fi\\\/de\\\/#organization\"},\"potentialAction\":[{\"@type\":\"SearchAction\",\"target\":{\"@type\":\"EntryPoint\",\"urlTemplate\":\"https:\\\/\\\/rokuageopark.fi\\\/de\\\/?s={search_term_string}\"},\"query-input\":{\"@type\":\"PropertyValueSpecification\",\"valueRequired\":true,\"valueName\":\"search_term_string\"}}],\"inLanguage\":\"de\"},{\"@type\":\"Organization\",\"@id\":\"https:\\\/\\\/rokuageopark.fi\\\/de\\\/#organization\",\"name\":\"Rokua Geopark\",\"url\":\"https:\\\/\\\/rokuageopark.fi\\\/de\\\/\",\"logo\":{\"@type\":\"ImageObject\",\"inLanguage\":\"de\",\"@id\":\"https:\\\/\\\/rokuageopark.fi\\\/de\\\/#\\\/schema\\\/logo\\\/image\\\/\",\"url\":\"https:\\\/\\\/rokuageopark.fi\\\/wp-content\\\/uploads\\\/2024\\\/04\\\/rokua_geopark-logo.png\",\"contentUrl\":\"https:\\\/\\\/rokuageopark.fi\\\/wp-content\\\/uploads\\\/2024\\\/04\\\/rokua_geopark-logo.png\",\"width\":697,\"height\":697,\"caption\":\"Rokua Geopark\"},\"image\":{\"@id\":\"https:\\\/\\\/rokuageopark.fi\\\/de\\\/#\\\/schema\\\/logo\\\/image\\\/\"}}]}<\/script>\n<!-- \/ Yoast SEO plugin. -->","yoast_head_json":{"title":"Rokua Geopark Routen \u2013 Wandern und Mountainbiken","description":"Die Wege im Rokua Geopark bieten beeindruckende Landschaften und Ausflugsziele. Erkunde Wander- und Mountainbike-Strecken!","robots":{"index":"index","follow":"follow","max-snippet":"max-snippet:-1","max-image-preview":"max-image-preview:large","max-video-preview":"max-video-preview:-1"},"canonical":"https:\/\/rokuageopark.fi\/de\/sehen-und-erleben\/routen\/","og_locale":"de_DE","og_type":"article","og_title":"Rokua Geopark Routen \u2013 Wandern und Mountainbiken","og_description":"Die Wege im Rokua Geopark bieten beeindruckende Landschaften und Ausflugsziele. Erkunde Wander- und Mountainbike-Strecken!","og_url":"https:\/\/rokuageopark.fi\/de\/sehen-und-erleben\/routen\/","og_site_name":"Rokua Geopark","article_modified_time":"2025-07-16T08:47:14+00:00","og_image":[{"width":2560,"height":1506,"url":"https:\/\/rokuageopark.fi\/wp-content\/uploads\/2024\/02\/288-Rokua_Geopark-Rokua-HIRES-2023-HLPfi-1-scaled-e1710846400936.jpg","type":"image\/jpeg"}],"twitter_card":"summary_large_image","twitter_misc":{"Gesch\u00e4tzte Lesezeit":"2\u00a0Minuten"},"schema":{"@context":"https:\/\/schema.org","@graph":[{"@type":"WebPage","@id":"https:\/\/rokuageopark.fi\/de\/sehen-und-erleben\/routen\/","url":"https:\/\/rokuageopark.fi\/de\/sehen-und-erleben\/routen\/","name":"Rokua Geopark Routen \u2013 Wandern und Mountainbiken","isPartOf":{"@id":"https:\/\/rokuageopark.fi\/de\/#website"},"primaryImageOfPage":{"@id":"https:\/\/rokuageopark.fi\/de\/sehen-und-erleben\/routen\/#primaryimage"},"image":{"@id":"https:\/\/rokuageopark.fi\/de\/sehen-und-erleben\/routen\/#primaryimage"},"thumbnailUrl":"https:\/\/rokuageopark.fi\/wp-content\/uploads\/2024\/02\/288-Rokua_Geopark-Rokua-HIRES-2023-HLPfi-1-scaled-e1710846400936.jpg","datePublished":"2024-03-13T12:28:51+00:00","dateModified":"2025-07-16T08:47:14+00:00","description":"Die Wege im Rokua Geopark bieten beeindruckende Landschaften und Ausflugsziele. Erkunde Wander- und Mountainbike-Strecken!","inLanguage":"de","potentialAction":[{"@type":"ReadAction","target":["https:\/\/rokuageopark.fi\/de\/sehen-und-erleben\/routen\/"]}]},{"@type":"ImageObject","inLanguage":"de","@id":"https:\/\/rokuageopark.fi\/de\/sehen-und-erleben\/routen\/#primaryimage","url":"https:\/\/rokuageopark.fi\/wp-content\/uploads\/2024\/02\/288-Rokua_Geopark-Rokua-HIRES-2023-HLPfi-1-scaled-e1710846400936.jpg","contentUrl":"https:\/\/rokuageopark.fi\/wp-content\/uploads\/2024\/02\/288-Rokua_Geopark-Rokua-HIRES-2023-HLPfi-1-scaled-e1710846400936.jpg","width":2560,"height":1506,"caption":"Kaksi nuorta naista hiiht\u00e4\u00e4 talvisessa maisemassa"},{"@type":"WebSite","@id":"https:\/\/rokuageopark.fi\/de\/#website","url":"https:\/\/rokuageopark.fi\/de\/","name":"Rokua Geopark","description":"Tervetuloa l\u00f6yt\u00f6retkelle\u2028j\u00e4\u00e4kauden j\u00e4ljille","publisher":{"@id":"https:\/\/rokuageopark.fi\/de\/#organization"},"potentialAction":[{"@type":"SearchAction","target":{"@type":"EntryPoint","urlTemplate":"https:\/\/rokuageopark.fi\/de\/?s={search_term_string}"},"query-input":{"@type":"PropertyValueSpecification","valueRequired":true,"valueName":"search_term_string"}}],"inLanguage":"de"},{"@type":"Organization","@id":"https:\/\/rokuageopark.fi\/de\/#organization","name":"Rokua Geopark","url":"https:\/\/rokuageopark.fi\/de\/","logo":{"@type":"ImageObject","inLanguage":"de","@id":"https:\/\/rokuageopark.fi\/de\/#\/schema\/logo\/image\/","url":"https:\/\/rokuageopark.fi\/wp-content\/uploads\/2024\/04\/rokua_geopark-logo.png","contentUrl":"https:\/\/rokuageopark.fi\/wp-content\/uploads\/2024\/04\/rokua_geopark-logo.png","width":697,"height":697,"caption":"Rokua Geopark"},"image":{"@id":"https:\/\/rokuageopark.fi\/de\/#\/schema\/logo\/image\/"}}]}},"_links":{"self":[{"href":"https:\/\/rokuageopark.fi\/de\/wp-json\/wp\/v2\/pages\/3943","targetHints":{"allow":["GET"]}}],"collection":[{"href":"https:\/\/rokuageopark.fi\/de\/wp-json\/wp\/v2\/pages"}],"about":[{"href":"https:\/\/rokuageopark.fi\/de\/wp-json\/wp\/v2\/types\/page"}],"author":[{"embeddable":true,"href":"https:\/\/rokuageopark.fi\/de\/wp-json\/wp\/v2\/users\/5"}],"replies":[{"embeddable":true,"href":"https:\/\/rokuageopark.fi\/de\/wp-json\/wp\/v2\/comments?post=3943"}],"version-history":[{"count":2,"href":"https:\/\/rokuageopark.fi\/de\/wp-json\/wp\/v2\/pages\/3943\/revisions"}],"predecessor-version":[{"id":4565,"href":"https:\/\/rokuageopark.fi\/de\/wp-json\/wp\/v2\/pages\/3943\/revisions\/4565"}],"up":[{"embeddable":true,"href":"https:\/\/rokuageopark.fi\/de\/wp-json\/wp\/v2\/pages\/3971"}],"wp:featuredmedia":[{"embeddable":true,"href":"https:\/\/rokuageopark.fi\/de\/wp-json\/wp\/v2\/media\/3857"}],"wp:attachment":[{"href":"https:\/\/rokuageopark.fi\/de\/wp-json\/wp\/v2\/media?parent=3943"}],"curies":[{"name":"wp","href":"https:\/\/api.w.org\/{rel}","templated":true}]}}