{"id":3941,"date":"2024-03-22T07:40:30","date_gmt":"2024-03-22T07:40:30","guid":{"rendered":"https:\/\/rokuageopark.fi\/majoitus\/"},"modified":"2025-09-18T12:47:02","modified_gmt":"2025-09-18T12:47:02","slug":"unterkunft-im-rokua-geopark","status":"publish","type":"page","link":"https:\/\/rokuageopark.fi\/de\/services\/unterkunft-im-rokua-geopark\/","title":{"rendered":"Unterkunft im Rokua Geopark"},"content":{"rendered":"","protected":false},"excerpt":{"rendered":"<p> [&#8230;]<\/p>\n<p><a class=\"btn btn-secondary understrap-read-more-link\" href=\"https:\/\/rokuageopark.fi\/de\/services\/unterkunft-im-rokua-geopark\/\">Weiterlesen\u00a0\u2026<span class=\"screen-reader-text\"> from Unterkunft im Rokua Geopark<\/span><\/a><\/p>\n","protected":false},"author":5,"featured_media":3915,"parent":3964,"menu_order":0,"comment_status":"closed","ping_status":"closed","template":"","meta":{"_acf_changed":false,"inline_featured_image":false,"footnotes":""},"class_list":["post-3941","page","type-page","status-publish","has-post-thumbnail","hentry"],"acf":[],"yoast_head":"<!-- This site is optimized with the Yoast SEO plugin v27.3 - https:\/\/yoast.com\/product\/yoast-seo-wordpress\/ -->\n<title>Unterkunft im Rokua Geopark \u2013 H\u00fctte, Hotel oder Campingplatz<\/title>\n<meta name=\"description\" content=\"Unterkunft im Rokua Geopark (Vaala, Utaj\u00e4rvi, Muhos) \u2013 w\u00e4hle ein Hotel, eine H\u00fctte, eine Villa oder einen Campingplatz in der N\u00e4he der Natur und der Wanderwege.\" \/>\n<meta name=\"robots\" content=\"index, follow, max-snippet:-1, max-image-preview:large, max-video-preview:-1\" \/>\n<link rel=\"canonical\" href=\"https:\/\/rokuageopark.fi\/de\/services\/unterkunft-im-rokua-geopark\/\" \/>\n<meta property=\"og:locale\" content=\"de_DE\" \/>\n<meta property=\"og:type\" content=\"article\" \/>\n<meta property=\"og:title\" content=\"Unterkunft im Rokua Geopark \u2013 H\u00fctte, Hotel oder Campingplatz\" \/>\n<meta property=\"og:description\" content=\"Unterkunft im Rokua Geopark (Vaala, Utaj\u00e4rvi, Muhos) \u2013 w\u00e4hle ein Hotel, eine H\u00fctte, eine Villa oder einen Campingplatz in der N\u00e4he der Natur und der Wanderwege.\" \/>\n<meta property=\"og:url\" content=\"https:\/\/rokuageopark.fi\/de\/services\/unterkunft-im-rokua-geopark\/\" \/>\n<meta property=\"og:site_name\" content=\"Rokua Geopark\" \/>\n<meta property=\"article:modified_time\" content=\"2025-09-18T12:47:02+00:00\" \/>\n<meta property=\"og:image\" content=\"https:\/\/rokuageopark.fi\/wp-content\/uploads\/2024\/03\/taikaloora-scaled.jpg\" \/>\n\t<meta property=\"og:image:width\" content=\"2560\" \/>\n\t<meta property=\"og:image:height\" content=\"1707\" \/>\n\t<meta property=\"og:image:type\" content=\"image\/jpeg\" \/>\n<meta name=\"twitter:card\" content=\"summary_large_image\" \/>\n<meta name=\"twitter:label1\" content=\"Gesch\u00e4tzte Lesezeit\" \/>\n\t<meta name=\"twitter:data1\" content=\"3\u00a0Minuten\" \/>\n<script type=\"application\/ld+json\" class=\"yoast-schema-graph\">{\"@context\":\"https:\\\/\\\/schema.org\",\"@graph\":[{\"@type\":\"WebPage\",\"@id\":\"https:\\\/\\\/rokuageopark.fi\\\/de\\\/services\\\/unterkunft-im-rokua-geopark\\\/\",\"url\":\"https:\\\/\\\/rokuageopark.fi\\\/de\\\/services\\\/unterkunft-im-rokua-geopark\\\/\",\"name\":\"Unterkunft im Rokua Geopark \u2013 H\u00fctte, Hotel oder Campingplatz\",\"isPartOf\":{\"@id\":\"https:\\\/\\\/rokuageopark.fi\\\/de\\\/#website\"},\"primaryImageOfPage\":{\"@id\":\"https:\\\/\\\/rokuageopark.fi\\\/de\\\/services\\\/unterkunft-im-rokua-geopark\\\/#primaryimage\"},\"image\":{\"@id\":\"https:\\\/\\\/rokuageopark.fi\\\/de\\\/services\\\/unterkunft-im-rokua-geopark\\\/#primaryimage\"},\"thumbnailUrl\":\"https:\\\/\\\/rokuageopark.fi\\\/wp-content\\\/uploads\\\/2024\\\/03\\\/taikaloora-scaled.jpg\",\"datePublished\":\"2024-03-22T07:40:30+00:00\",\"dateModified\":\"2025-09-18T12:47:02+00:00\",\"description\":\"Unterkunft im Rokua Geopark (Vaala, Utaj\u00e4rvi, Muhos) \u2013 w\u00e4hle ein Hotel, eine H\u00fctte, eine Villa oder einen Campingplatz in der N\u00e4he der Natur und der Wanderwege.\",\"inLanguage\":\"de\",\"potentialAction\":[{\"@type\":\"ReadAction\",\"target\":[\"https:\\\/\\\/rokuageopark.fi\\\/de\\\/services\\\/unterkunft-im-rokua-geopark\\\/\"]}]},{\"@type\":\"ImageObject\",\"inLanguage\":\"de\",\"@id\":\"https:\\\/\\\/rokuageopark.fi\\\/de\\\/services\\\/unterkunft-im-rokua-geopark\\\/#primaryimage\",\"url\":\"https:\\\/\\\/rokuageopark.fi\\\/wp-content\\\/uploads\\\/2024\\\/03\\\/taikaloora-scaled.jpg\",\"contentUrl\":\"https:\\\/\\\/rokuageopark.fi\\\/wp-content\\\/uploads\\\/2024\\\/03\\\/taikaloora-scaled.jpg\",\"width\":2560,\"height\":1707,\"caption\":\"Taikaloora, moderni m\u00f6kki Ouluj\u00e4rven rannalla\"},{\"@type\":\"WebSite\",\"@id\":\"https:\\\/\\\/rokuageopark.fi\\\/de\\\/#website\",\"url\":\"https:\\\/\\\/rokuageopark.fi\\\/de\\\/\",\"name\":\"Rokua Geopark\",\"description\":\"Tervetuloa l\u00f6yt\u00f6retkelle\\u2028j\u00e4\u00e4kauden j\u00e4ljille\",\"publisher\":{\"@id\":\"https:\\\/\\\/rokuageopark.fi\\\/de\\\/#organization\"},\"potentialAction\":[{\"@type\":\"SearchAction\",\"target\":{\"@type\":\"EntryPoint\",\"urlTemplate\":\"https:\\\/\\\/rokuageopark.fi\\\/de\\\/?s={search_term_string}\"},\"query-input\":{\"@type\":\"PropertyValueSpecification\",\"valueRequired\":true,\"valueName\":\"search_term_string\"}}],\"inLanguage\":\"de\"},{\"@type\":\"Organization\",\"@id\":\"https:\\\/\\\/rokuageopark.fi\\\/de\\\/#organization\",\"name\":\"Rokua Geopark\",\"url\":\"https:\\\/\\\/rokuageopark.fi\\\/de\\\/\",\"logo\":{\"@type\":\"ImageObject\",\"inLanguage\":\"de\",\"@id\":\"https:\\\/\\\/rokuageopark.fi\\\/de\\\/#\\\/schema\\\/logo\\\/image\\\/\",\"url\":\"https:\\\/\\\/rokuageopark.fi\\\/wp-content\\\/uploads\\\/2024\\\/04\\\/rokua_geopark-logo.png\",\"contentUrl\":\"https:\\\/\\\/rokuageopark.fi\\\/wp-content\\\/uploads\\\/2024\\\/04\\\/rokua_geopark-logo.png\",\"width\":697,\"height\":697,\"caption\":\"Rokua Geopark\"},\"image\":{\"@id\":\"https:\\\/\\\/rokuageopark.fi\\\/de\\\/#\\\/schema\\\/logo\\\/image\\\/\"}}]}<\/script>\n<!-- \/ Yoast SEO plugin. -->","yoast_head_json":{"title":"Unterkunft im Rokua Geopark \u2013 H\u00fctte, Hotel oder Campingplatz","description":"Unterkunft im Rokua Geopark (Vaala, Utaj\u00e4rvi, Muhos) \u2013 w\u00e4hle ein Hotel, eine H\u00fctte, eine Villa oder einen Campingplatz in der N\u00e4he der Natur und der Wanderwege.","robots":{"index":"index","follow":"follow","max-snippet":"max-snippet:-1","max-image-preview":"max-image-preview:large","max-video-preview":"max-video-preview:-1"},"canonical":"https:\/\/rokuageopark.fi\/de\/services\/unterkunft-im-rokua-geopark\/","og_locale":"de_DE","og_type":"article","og_title":"Unterkunft im Rokua Geopark \u2013 H\u00fctte, Hotel oder Campingplatz","og_description":"Unterkunft im Rokua Geopark (Vaala, Utaj\u00e4rvi, Muhos) \u2013 w\u00e4hle ein Hotel, eine H\u00fctte, eine Villa oder einen Campingplatz in der N\u00e4he der Natur und der Wanderwege.","og_url":"https:\/\/rokuageopark.fi\/de\/services\/unterkunft-im-rokua-geopark\/","og_site_name":"Rokua Geopark","article_modified_time":"2025-09-18T12:47:02+00:00","og_image":[{"width":2560,"height":1707,"url":"https:\/\/rokuageopark.fi\/wp-content\/uploads\/2024\/03\/taikaloora-scaled.jpg","type":"image\/jpeg"}],"twitter_card":"summary_large_image","twitter_misc":{"Gesch\u00e4tzte Lesezeit":"3\u00a0Minuten"},"schema":{"@context":"https:\/\/schema.org","@graph":[{"@type":"WebPage","@id":"https:\/\/rokuageopark.fi\/de\/services\/unterkunft-im-rokua-geopark\/","url":"https:\/\/rokuageopark.fi\/de\/services\/unterkunft-im-rokua-geopark\/","name":"Unterkunft im Rokua Geopark \u2013 H\u00fctte, Hotel oder Campingplatz","isPartOf":{"@id":"https:\/\/rokuageopark.fi\/de\/#website"},"primaryImageOfPage":{"@id":"https:\/\/rokuageopark.fi\/de\/services\/unterkunft-im-rokua-geopark\/#primaryimage"},"image":{"@id":"https:\/\/rokuageopark.fi\/de\/services\/unterkunft-im-rokua-geopark\/#primaryimage"},"thumbnailUrl":"https:\/\/rokuageopark.fi\/wp-content\/uploads\/2024\/03\/taikaloora-scaled.jpg","datePublished":"2024-03-22T07:40:30+00:00","dateModified":"2025-09-18T12:47:02+00:00","description":"Unterkunft im Rokua Geopark (Vaala, Utaj\u00e4rvi, Muhos) \u2013 w\u00e4hle ein Hotel, eine H\u00fctte, eine Villa oder einen Campingplatz in der N\u00e4he der Natur und der Wanderwege.","inLanguage":"de","potentialAction":[{"@type":"ReadAction","target":["https:\/\/rokuageopark.fi\/de\/services\/unterkunft-im-rokua-geopark\/"]}]},{"@type":"ImageObject","inLanguage":"de","@id":"https:\/\/rokuageopark.fi\/de\/services\/unterkunft-im-rokua-geopark\/#primaryimage","url":"https:\/\/rokuageopark.fi\/wp-content\/uploads\/2024\/03\/taikaloora-scaled.jpg","contentUrl":"https:\/\/rokuageopark.fi\/wp-content\/uploads\/2024\/03\/taikaloora-scaled.jpg","width":2560,"height":1707,"caption":"Taikaloora, moderni m\u00f6kki Ouluj\u00e4rven rannalla"},{"@type":"WebSite","@id":"https:\/\/rokuageopark.fi\/de\/#website","url":"https:\/\/rokuageopark.fi\/de\/","name":"Rokua Geopark","description":"Tervetuloa l\u00f6yt\u00f6retkelle\u2028j\u00e4\u00e4kauden j\u00e4ljille","publisher":{"@id":"https:\/\/rokuageopark.fi\/de\/#organization"},"potentialAction":[{"@type":"SearchAction","target":{"@type":"EntryPoint","urlTemplate":"https:\/\/rokuageopark.fi\/de\/?s={search_term_string}"},"query-input":{"@type":"PropertyValueSpecification","valueRequired":true,"valueName":"search_term_string"}}],"inLanguage":"de"},{"@type":"Organization","@id":"https:\/\/rokuageopark.fi\/de\/#organization","name":"Rokua Geopark","url":"https:\/\/rokuageopark.fi\/de\/","logo":{"@type":"ImageObject","inLanguage":"de","@id":"https:\/\/rokuageopark.fi\/de\/#\/schema\/logo\/image\/","url":"https:\/\/rokuageopark.fi\/wp-content\/uploads\/2024\/04\/rokua_geopark-logo.png","contentUrl":"https:\/\/rokuageopark.fi\/wp-content\/uploads\/2024\/04\/rokua_geopark-logo.png","width":697,"height":697,"caption":"Rokua Geopark"},"image":{"@id":"https:\/\/rokuageopark.fi\/de\/#\/schema\/logo\/image\/"}}]}},"_links":{"self":[{"href":"https:\/\/rokuageopark.fi\/de\/wp-json\/wp\/v2\/pages\/3941","targetHints":{"allow":["GET"]}}],"collection":[{"href":"https:\/\/rokuageopark.fi\/de\/wp-json\/wp\/v2\/pages"}],"about":[{"href":"https:\/\/rokuageopark.fi\/de\/wp-json\/wp\/v2\/types\/page"}],"author":[{"embeddable":true,"href":"https:\/\/rokuageopark.fi\/de\/wp-json\/wp\/v2\/users\/5"}],"replies":[{"embeddable":true,"href":"https:\/\/rokuageopark.fi\/de\/wp-json\/wp\/v2\/comments?post=3941"}],"version-history":[{"count":5,"href":"https:\/\/rokuageopark.fi\/de\/wp-json\/wp\/v2\/pages\/3941\/revisions"}],"predecessor-version":[{"id":5215,"href":"https:\/\/rokuageopark.fi\/de\/wp-json\/wp\/v2\/pages\/3941\/revisions\/5215"}],"up":[{"embeddable":true,"href":"https:\/\/rokuageopark.fi\/de\/wp-json\/wp\/v2\/pages\/3964"}],"wp:featuredmedia":[{"embeddable":true,"href":"https:\/\/rokuageopark.fi\/de\/wp-json\/wp\/v2\/media\/3915"}],"wp:attachment":[{"href":"https:\/\/rokuageopark.fi\/de\/wp-json\/wp\/v2\/media?parent=3941"}],"curies":[{"name":"wp","href":"https:\/\/api.w.org\/{rel}","templated":true}]}}