{"id":3904,"date":"2024-04-09T08:49:38","date_gmt":"2024-04-09T08:49:38","guid":{"rendered":"https:\/\/rokuageopark.fi\/rokua-geopark-ryhmille\/"},"modified":"2025-09-18T12:32:30","modified_gmt":"2025-09-18T12:32:30","slug":"rokua-geopark-fuer-gruppen","status":"publish","type":"page","link":"https:\/\/rokuageopark.fi\/de\/rokua-geopark-fuer-gruppen\/","title":{"rendered":"Rokua Geopark f\u00fcr Gruppen"},"content":{"rendered":"","protected":false},"excerpt":{"rendered":"<p> [&#8230;]<\/p>\n<p><a class=\"btn btn-secondary understrap-read-more-link\" href=\"https:\/\/rokuageopark.fi\/de\/rokua-geopark-fuer-gruppen\/\">Weiterlesen\u00a0\u2026<span class=\"screen-reader-text\"> from Rokua Geopark f\u00fcr Gruppen<\/span><\/a><\/p>\n","protected":false},"author":5,"featured_media":3905,"parent":0,"menu_order":0,"comment_status":"closed","ping_status":"closed","template":"","meta":{"_acf_changed":false,"inline_featured_image":false,"footnotes":""},"class_list":["post-3904","page","type-page","status-publish","has-post-thumbnail","hentry"],"acf":[],"yoast_head":"<!-- This site is optimized with the Yoast SEO plugin v27.3 - https:\/\/yoast.com\/product\/yoast-seo-wordpress\/ -->\n<title>Rokua Geopark f\u00fcr Gruppen - Rokua Geopark<\/title>\n<meta name=\"description\" content=\"Veranstalte ein Event, eine Feier oder einen Erholungstag im Rokua Geopark \u2013 f\u00fcr kleine oder gro\u00dfe Gruppen, in l\u00e4ndlicher Umgebung, am Seeufer oder im Wildwest-Dorf.\" \/>\n<meta name=\"robots\" content=\"index, follow, max-snippet:-1, max-image-preview:large, max-video-preview:-1\" \/>\n<link rel=\"canonical\" href=\"https:\/\/rokuageopark.fi\/de\/rokua-geopark-fuer-gruppen\/\" \/>\n<meta property=\"og:locale\" content=\"de_DE\" \/>\n<meta property=\"og:type\" content=\"article\" \/>\n<meta property=\"og:title\" content=\"Rokua Geopark f\u00fcr Gruppen - Rokua Geopark\" \/>\n<meta property=\"og:description\" content=\"Veranstalte ein Event, eine Feier oder einen Erholungstag im Rokua Geopark \u2013 f\u00fcr kleine oder gro\u00dfe Gruppen, in l\u00e4ndlicher Umgebung, am Seeufer oder im Wildwest-Dorf.\" \/>\n<meta property=\"og:url\" content=\"https:\/\/rokuageopark.fi\/de\/rokua-geopark-fuer-gruppen\/\" \/>\n<meta property=\"og:site_name\" content=\"Rokua Geopark\" \/>\n<meta property=\"article:modified_time\" content=\"2025-09-18T12:32:30+00:00\" \/>\n<meta property=\"og:image\" content=\"https:\/\/rokuageopark.fi\/wp-content\/uploads\/2024\/03\/DJI_0548-1-1024x575.jpg\" \/>\n<meta name=\"twitter:card\" content=\"summary_large_image\" \/>\n<meta name=\"twitter:label1\" content=\"Gesch\u00e4tzte Lesezeit\" \/>\n\t<meta name=\"twitter:data1\" content=\"1\u00a0Minute\" \/>\n<script type=\"application\/ld+json\" class=\"yoast-schema-graph\">{\"@context\":\"https:\\\/\\\/schema.org\",\"@graph\":[{\"@type\":\"WebPage\",\"@id\":\"https:\\\/\\\/rokuageopark.fi\\\/de\\\/rokua-geopark-fuer-gruppen\\\/\",\"url\":\"https:\\\/\\\/rokuageopark.fi\\\/de\\\/rokua-geopark-fuer-gruppen\\\/\",\"name\":\"Rokua Geopark f\u00fcr Gruppen - Rokua Geopark\",\"isPartOf\":{\"@id\":\"https:\\\/\\\/rokuageopark.fi\\\/de\\\/#website\"},\"primaryImageOfPage\":{\"@id\":\"https:\\\/\\\/rokuageopark.fi\\\/de\\\/rokua-geopark-fuer-gruppen\\\/#primaryimage\"},\"image\":{\"@id\":\"https:\\\/\\\/rokuageopark.fi\\\/de\\\/rokua-geopark-fuer-gruppen\\\/#primaryimage\"},\"thumbnailUrl\":\"https:\\\/\\\/rokuageopark.fi\\\/wp-content\\\/uploads\\\/2024\\\/03\\\/DJI_0548-1-scaled.jpg\",\"datePublished\":\"2024-04-09T08:49:38+00:00\",\"dateModified\":\"2025-09-18T12:32:30+00:00\",\"description\":\"Veranstalte ein Event, eine Feier oder einen Erholungstag im Rokua Geopark \u2013 f\u00fcr kleine oder gro\u00dfe Gruppen, in l\u00e4ndlicher Umgebung, am Seeufer oder im Wildwest-Dorf.\",\"inLanguage\":\"de\",\"potentialAction\":[{\"@type\":\"ReadAction\",\"target\":[\"https:\\\/\\\/rokuageopark.fi\\\/de\\\/rokua-geopark-fuer-gruppen\\\/\"]}]},{\"@type\":\"ImageObject\",\"inLanguage\":\"de\",\"@id\":\"https:\\\/\\\/rokuageopark.fi\\\/de\\\/rokua-geopark-fuer-gruppen\\\/#primaryimage\",\"url\":\"https:\\\/\\\/rokuageopark.fi\\\/wp-content\\\/uploads\\\/2024\\\/03\\\/DJI_0548-1-scaled.jpg\",\"contentUrl\":\"https:\\\/\\\/rokuageopark.fi\\\/wp-content\\\/uploads\\\/2024\\\/03\\\/DJI_0548-1-scaled.jpg\",\"width\":2560,\"height\":1438,\"caption\":\"Runsaasti kanootteja ja melojia Ouluj\u00e4rvell\u00e4\"},{\"@type\":\"WebSite\",\"@id\":\"https:\\\/\\\/rokuageopark.fi\\\/de\\\/#website\",\"url\":\"https:\\\/\\\/rokuageopark.fi\\\/de\\\/\",\"name\":\"Rokua Geopark\",\"description\":\"Tervetuloa l\u00f6yt\u00f6retkelle\\u2028j\u00e4\u00e4kauden j\u00e4ljille\",\"publisher\":{\"@id\":\"https:\\\/\\\/rokuageopark.fi\\\/de\\\/#organization\"},\"potentialAction\":[{\"@type\":\"SearchAction\",\"target\":{\"@type\":\"EntryPoint\",\"urlTemplate\":\"https:\\\/\\\/rokuageopark.fi\\\/de\\\/?s={search_term_string}\"},\"query-input\":{\"@type\":\"PropertyValueSpecification\",\"valueRequired\":true,\"valueName\":\"search_term_string\"}}],\"inLanguage\":\"de\"},{\"@type\":\"Organization\",\"@id\":\"https:\\\/\\\/rokuageopark.fi\\\/de\\\/#organization\",\"name\":\"Rokua Geopark\",\"url\":\"https:\\\/\\\/rokuageopark.fi\\\/de\\\/\",\"logo\":{\"@type\":\"ImageObject\",\"inLanguage\":\"de\",\"@id\":\"https:\\\/\\\/rokuageopark.fi\\\/de\\\/#\\\/schema\\\/logo\\\/image\\\/\",\"url\":\"https:\\\/\\\/rokuageopark.fi\\\/wp-content\\\/uploads\\\/2024\\\/04\\\/rokua_geopark-logo.png\",\"contentUrl\":\"https:\\\/\\\/rokuageopark.fi\\\/wp-content\\\/uploads\\\/2024\\\/04\\\/rokua_geopark-logo.png\",\"width\":697,\"height\":697,\"caption\":\"Rokua Geopark\"},\"image\":{\"@id\":\"https:\\\/\\\/rokuageopark.fi\\\/de\\\/#\\\/schema\\\/logo\\\/image\\\/\"}}]}<\/script>\n<!-- \/ Yoast SEO plugin. -->","yoast_head_json":{"title":"Rokua Geopark f\u00fcr Gruppen - Rokua Geopark","description":"Veranstalte ein Event, eine Feier oder einen Erholungstag im Rokua Geopark \u2013 f\u00fcr kleine oder gro\u00dfe Gruppen, in l\u00e4ndlicher Umgebung, am Seeufer oder im Wildwest-Dorf.","robots":{"index":"index","follow":"follow","max-snippet":"max-snippet:-1","max-image-preview":"max-image-preview:large","max-video-preview":"max-video-preview:-1"},"canonical":"https:\/\/rokuageopark.fi\/de\/rokua-geopark-fuer-gruppen\/","og_locale":"de_DE","og_type":"article","og_title":"Rokua Geopark f\u00fcr Gruppen - Rokua Geopark","og_description":"Veranstalte ein Event, eine Feier oder einen Erholungstag im Rokua Geopark \u2013 f\u00fcr kleine oder gro\u00dfe Gruppen, in l\u00e4ndlicher Umgebung, am Seeufer oder im Wildwest-Dorf.","og_url":"https:\/\/rokuageopark.fi\/de\/rokua-geopark-fuer-gruppen\/","og_site_name":"Rokua Geopark","article_modified_time":"2025-09-18T12:32:30+00:00","og_image":[{"url":"https:\/\/rokuageopark.fi\/wp-content\/uploads\/2024\/03\/DJI_0548-1-1024x575.jpg","type":"","width":"","height":""}],"twitter_card":"summary_large_image","twitter_misc":{"Gesch\u00e4tzte Lesezeit":"1\u00a0Minute"},"schema":{"@context":"https:\/\/schema.org","@graph":[{"@type":"WebPage","@id":"https:\/\/rokuageopark.fi\/de\/rokua-geopark-fuer-gruppen\/","url":"https:\/\/rokuageopark.fi\/de\/rokua-geopark-fuer-gruppen\/","name":"Rokua Geopark f\u00fcr Gruppen - Rokua Geopark","isPartOf":{"@id":"https:\/\/rokuageopark.fi\/de\/#website"},"primaryImageOfPage":{"@id":"https:\/\/rokuageopark.fi\/de\/rokua-geopark-fuer-gruppen\/#primaryimage"},"image":{"@id":"https:\/\/rokuageopark.fi\/de\/rokua-geopark-fuer-gruppen\/#primaryimage"},"thumbnailUrl":"https:\/\/rokuageopark.fi\/wp-content\/uploads\/2024\/03\/DJI_0548-1-scaled.jpg","datePublished":"2024-04-09T08:49:38+00:00","dateModified":"2025-09-18T12:32:30+00:00","description":"Veranstalte ein Event, eine Feier oder einen Erholungstag im Rokua Geopark \u2013 f\u00fcr kleine oder gro\u00dfe Gruppen, in l\u00e4ndlicher Umgebung, am Seeufer oder im Wildwest-Dorf.","inLanguage":"de","potentialAction":[{"@type":"ReadAction","target":["https:\/\/rokuageopark.fi\/de\/rokua-geopark-fuer-gruppen\/"]}]},{"@type":"ImageObject","inLanguage":"de","@id":"https:\/\/rokuageopark.fi\/de\/rokua-geopark-fuer-gruppen\/#primaryimage","url":"https:\/\/rokuageopark.fi\/wp-content\/uploads\/2024\/03\/DJI_0548-1-scaled.jpg","contentUrl":"https:\/\/rokuageopark.fi\/wp-content\/uploads\/2024\/03\/DJI_0548-1-scaled.jpg","width":2560,"height":1438,"caption":"Runsaasti kanootteja ja melojia Ouluj\u00e4rvell\u00e4"},{"@type":"WebSite","@id":"https:\/\/rokuageopark.fi\/de\/#website","url":"https:\/\/rokuageopark.fi\/de\/","name":"Rokua Geopark","description":"Tervetuloa l\u00f6yt\u00f6retkelle\u2028j\u00e4\u00e4kauden j\u00e4ljille","publisher":{"@id":"https:\/\/rokuageopark.fi\/de\/#organization"},"potentialAction":[{"@type":"SearchAction","target":{"@type":"EntryPoint","urlTemplate":"https:\/\/rokuageopark.fi\/de\/?s={search_term_string}"},"query-input":{"@type":"PropertyValueSpecification","valueRequired":true,"valueName":"search_term_string"}}],"inLanguage":"de"},{"@type":"Organization","@id":"https:\/\/rokuageopark.fi\/de\/#organization","name":"Rokua Geopark","url":"https:\/\/rokuageopark.fi\/de\/","logo":{"@type":"ImageObject","inLanguage":"de","@id":"https:\/\/rokuageopark.fi\/de\/#\/schema\/logo\/image\/","url":"https:\/\/rokuageopark.fi\/wp-content\/uploads\/2024\/04\/rokua_geopark-logo.png","contentUrl":"https:\/\/rokuageopark.fi\/wp-content\/uploads\/2024\/04\/rokua_geopark-logo.png","width":697,"height":697,"caption":"Rokua Geopark"},"image":{"@id":"https:\/\/rokuageopark.fi\/de\/#\/schema\/logo\/image\/"}}]}},"_links":{"self":[{"href":"https:\/\/rokuageopark.fi\/de\/wp-json\/wp\/v2\/pages\/3904","targetHints":{"allow":["GET"]}}],"collection":[{"href":"https:\/\/rokuageopark.fi\/de\/wp-json\/wp\/v2\/pages"}],"about":[{"href":"https:\/\/rokuageopark.fi\/de\/wp-json\/wp\/v2\/types\/page"}],"author":[{"embeddable":true,"href":"https:\/\/rokuageopark.fi\/de\/wp-json\/wp\/v2\/users\/5"}],"replies":[{"embeddable":true,"href":"https:\/\/rokuageopark.fi\/de\/wp-json\/wp\/v2\/comments?post=3904"}],"version-history":[{"count":2,"href":"https:\/\/rokuageopark.fi\/de\/wp-json\/wp\/v2\/pages\/3904\/revisions"}],"predecessor-version":[{"id":4601,"href":"https:\/\/rokuageopark.fi\/de\/wp-json\/wp\/v2\/pages\/3904\/revisions\/4601"}],"wp:featuredmedia":[{"embeddable":true,"href":"https:\/\/rokuageopark.fi\/de\/wp-json\/wp\/v2\/media\/3905"}],"wp:attachment":[{"href":"https:\/\/rokuageopark.fi\/de\/wp-json\/wp\/v2\/media?parent=3904"}],"curies":[{"name":"wp","href":"https:\/\/api.w.org\/{rel}","templated":true}]}}